{"id":481,"date":"2021-01-25T12:08:06","date_gmt":"2021-01-25T11:08:06","guid":{"rendered":"https:\/\/elzede.net\/acl\/?page_id=481"},"modified":"2021-12-27T15:56:46","modified_gmt":"2021-12-27T14:56:46","slug":"rgpd","status":"publish","type":"page","link":"https:\/\/elzede.net\/acl\/rgpd\/","title":{"rendered":"RGPD"},"content":{"rendered":"\n<h2 class=\"wp-block-heading\">Dura lex sed lex<\/h2>\n\n\n\n<p class=\"has-drop-cap\">Sur notre site, nous ne faisons pas de business. Nous nous bornons \u00e0 vous fournir de l&rsquo;information sur votre cin\u00e9ma et notre association.<br>N\u00e9anmoins, afin d&rsquo;\u00eatre propre au regard de la loi, nous avons int\u00e9gr\u00e9 la petite banni\u00e8re qui vous pr\u00e9vient que notre site utilise des cookies \u00e0 des fins techniques et ou statistiques.<br><br>Rassurez-vous, nous ne vous pisterons pas car ce n&rsquo;est pas notre but.<br>Notre seul objectif est de vous voir fr\u00e9quenter en nombre le Cin\u00e9ma de Lion sur Mer, un des rares cin\u00e9mas en France \u00ab\u00a0avec vue sur la mer\u00a0\u00bb.<br><\/p>\n\n\n\n<p class=\"has-drop-cap\">Vous consulter nos conditions g\u00e9n\u00e9rales <a href=\"https:\/\/elzede.net\/acl\/rgpd\/conditions-generales\/\" target=\"_blank\" rel=\"noreferrer noopener\">en suivant ce lien.<\/a><\/p>\n\n\n\n<p class=\"has-drop-cap\"><br>A bient\u00f4t <\/p>\n","protected":false},"excerpt":{"rendered":"<p>Dura lex sed lex Sur notre site, nous ne faisons pas de business. Nous nous bornons \u00e0 vous fournir de l&rsquo;information sur votre cin\u00e9ma et notre association.N\u00e9anmoins, afin d&rsquo;\u00eatre propre au regard de la loi, nous avons int\u00e9gr\u00e9 la petite banni\u00e8re qui vous pr\u00e9vient que notre site utilise des cookies \u00e0 des fins techniques et &hellip; <\/p>\n<p class=\"link-more\"><a href=\"https:\/\/elzede.net\/acl\/rgpd\/\" class=\"more-link\">Continuer la lecture<span class=\"screen-reader-text\"> de &laquo;&nbsp;RGPD&nbsp;&raquo;<\/span><\/a><\/p>\n","protected":false},"author":1,"featured_media":487,"parent":0,"menu_order":0,"comment_status":"closed","ping_status":"closed","template":"","meta":{"footnotes":""},"class_list":["post-481","page","type-page","status-publish","has-post-thumbnail","hentry"],"_links":{"self":[{"href":"https:\/\/elzede.net\/acl\/wp-json\/wp\/v2\/pages\/481","targetHints":{"allow":["GET"]}}],"collection":[{"href":"https:\/\/elzede.net\/acl\/wp-json\/wp\/v2\/pages"}],"about":[{"href":"https:\/\/elzede.net\/acl\/wp-json\/wp\/v2\/types\/page"}],"author":[{"embeddable":true,"href":"https:\/\/elzede.net\/acl\/wp-json\/wp\/v2\/users\/1"}],"replies":[{"embeddable":true,"href":"https:\/\/elzede.net\/acl\/wp-json\/wp\/v2\/comments?post=481"}],"version-history":[{"count":5,"href":"https:\/\/elzede.net\/acl\/wp-json\/wp\/v2\/pages\/481\/revisions"}],"predecessor-version":[{"id":893,"href":"https:\/\/elzede.net\/acl\/wp-json\/wp\/v2\/pages\/481\/revisions\/893"}],"wp:featuredmedia":[{"embeddable":true,"href":"https:\/\/elzede.net\/acl\/wp-json\/wp\/v2\/media\/487"}],"wp:attachment":[{"href":"https:\/\/elzede.net\/acl\/wp-json\/wp\/v2\/media?parent=481"}],"curies":[{"name":"wp","href":"https:\/\/api.w.org\/{rel}","templated":true}]}}