{"id":3029,"date":"2025-02-12T08:33:55","date_gmt":"2025-02-12T07:33:55","guid":{"rendered":"https:\/\/elzede.net\/acl\/?page_id=3029"},"modified":"2026-04-07T09:25:25","modified_gmt":"2026-04-07T07:25:25","slug":"pgm2025","status":"publish","type":"page","link":"https:\/\/elzede.net\/acl\/pgm2025\/","title":{"rendered":"Le menu papier, c\u2019est ici"},"content":{"rendered":"\n<p id=\"top25pgm\">Son succ\u00e8s est tel que la version papier s\u2019\u00e9puise rapidement, un sort que la version num\u00e9rique risque peu de conna\u00eetre.<\/p>\n\n\n\n<div data-wp-interactive=\"core\/file\" class=\"wp-block-file\"><object data-wp-bind--hidden=\"!state.hasPdfPreview\" hidden class=\"wp-block-file__embed\" data=\"https:\/\/elzede.net\/acl\/wp-content\/uploads\/2026\/04\/PGM-2026-04.pdf\" type=\"application\/pdf\" style=\"width:100%;height:600px\" aria-label=\"Contenu embarqu\u00e9 PGM 2026 -04.\"><\/object><a id=\"wp-block-file--media-0ee70300-b42d-4181-9eb1-fcfebcbb2634\" href=\"https:\/\/elzede.net\/acl\/wp-content\/uploads\/2026\/04\/PGM-2026-04.pdf\">PGM 2026 -04<\/a><a href=\"https:\/\/elzede.net\/acl\/wp-content\/uploads\/2026\/04\/PGM-2026-04.pdf\" class=\"wp-block-file__button wp-element-button\" download aria-describedby=\"wp-block-file--media-0ee70300-b42d-4181-9eb1-fcfebcbb2634\">T\u00e9l\u00e9charger<\/a><\/div>\n\n\n\n<div class=\"wp-block-buttons is-content-justification-right is-layout-flex wp-container-core-buttons-is-layout-765c4724 wp-block-buttons-is-layout-flex\">\n<div class=\"wp-block-button\"><a class=\"wp-block-button__link has-vivid-cyan-blue-background-color has-background wp-element-button\" href=\"#top25pgm\">Haut<\/a><\/div>\n<\/div>\n\n\n\n<div data-wp-interactive=\"core\/file\" class=\"wp-block-file\"><object data-wp-bind--hidden=\"!state.hasPdfPreview\" hidden class=\"wp-block-file__embed\" data=\"https:\/\/elzede.net\/acl\/wp-content\/uploads\/2026\/03\/Programme-mars-2026.pdf\" type=\"application\/pdf\" style=\"width:100%;height:600px\" aria-label=\"Contenu embarqu\u00e9 Programme mars 2026.\"><\/object><a id=\"wp-block-file--media-3e6c1a8c-dcf3-424a-bb61-cbc20ee94966\" href=\"https:\/\/elzede.net\/acl\/wp-content\/uploads\/2026\/03\/Programme-mars-2026.pdf\">Programme mars 2026<\/a><a href=\"https:\/\/elzede.net\/acl\/wp-content\/uploads\/2026\/03\/Programme-mars-2026.pdf\" class=\"wp-block-file__button wp-element-button\" download aria-describedby=\"wp-block-file--media-3e6c1a8c-dcf3-424a-bb61-cbc20ee94966\">T\u00e9l\u00e9charger<\/a><\/div>\n\n\n\n<div class=\"wp-block-buttons is-content-justification-right is-layout-flex wp-container-core-buttons-is-layout-765c4724 wp-block-buttons-is-layout-flex\">\n<div class=\"wp-block-button\"><a class=\"wp-block-button__link has-vivid-cyan-blue-background-color has-background wp-element-button\" href=\"#top25pgm\">Haut<\/a><\/div>\n<\/div>\n\n\n\n<div data-wp-interactive=\"core\/file\" class=\"wp-block-file\"><object data-wp-bind--hidden=\"!state.hasPdfPreview\" hidden class=\"wp-block-file__embed\" data=\"https:\/\/elzede.net\/acl\/wp-content\/uploads\/2026\/01\/PGM-2026-02.pdf\" type=\"application\/pdf\" style=\"width:100%;height:600px\" aria-label=\"Contenu embarqu\u00e9 PGM 2026 -02.\"><\/object><a id=\"wp-block-file--media-89035803-931f-44b0-9276-32c1ef62bbe7\" href=\"https:\/\/elzede.net\/acl\/wp-content\/uploads\/2026\/01\/PGM-2026-02.pdf\">PGM 2026 -02<\/a><a href=\"https:\/\/elzede.net\/acl\/wp-content\/uploads\/2026\/01\/PGM-2026-02.pdf\" class=\"wp-block-file__button wp-element-button\" download aria-describedby=\"wp-block-file--media-89035803-931f-44b0-9276-32c1ef62bbe7\">T\u00e9l\u00e9charger<\/a><\/div>\n\n\n\n<div class=\"wp-block-buttons is-content-justification-right is-layout-flex wp-container-core-buttons-is-layout-765c4724 wp-block-buttons-is-layout-flex\">\n<div class=\"wp-block-button\"><a class=\"wp-block-button__link has-vivid-cyan-blue-background-color has-background wp-element-button\" href=\"#top25pgm\">Haut<\/a><\/div>\n<\/div>\n\n\n\n<div data-wp-interactive=\"core\/file\" class=\"wp-block-file\"><object data-wp-bind--hidden=\"!state.hasPdfPreview\" hidden class=\"wp-block-file__embed\" data=\"https:\/\/elzede.net\/acl\/wp-content\/uploads\/2025\/12\/Programme-dec-janvier-2026.pdf\" type=\"application\/pdf\" style=\"width:100%;height:600px\" aria-label=\"Contenu embarqu\u00e9 Programme d\u00e9c janvier 2026.\"><\/object><a id=\"wp-block-file--media-f55335ec-9c0b-4d39-a85b-c185b9ba146f\" href=\"https:\/\/elzede.net\/acl\/wp-content\/uploads\/2025\/12\/Programme-dec-janvier-2026.pdf\">Programme d\u00e9c janvier 2026<\/a><a href=\"https:\/\/elzede.net\/acl\/wp-content\/uploads\/2025\/12\/Programme-dec-janvier-2026.pdf\" class=\"wp-block-file__button wp-element-button\" download aria-describedby=\"wp-block-file--media-f55335ec-9c0b-4d39-a85b-c185b9ba146f\">T\u00e9l\u00e9charger<\/a><\/div>\n\n\n\n<div class=\"wp-block-buttons is-content-justification-right is-layout-flex wp-container-core-buttons-is-layout-765c4724 wp-block-buttons-is-layout-flex\">\n<div class=\"wp-block-button\"><a class=\"wp-block-button__link has-vivid-cyan-blue-background-color has-background wp-element-button\" href=\"#top25pgm\">Haut<\/a><\/div>\n<\/div>\n\n\n\n<div data-wp-interactive=\"core\/file\" class=\"wp-block-file\"><object data-wp-bind--hidden=\"!state.hasPdfPreview\" hidden class=\"wp-block-file__embed\" data=\"https:\/\/elzede.net\/acl\/wp-content\/uploads\/2025\/11\/Pro-Trianon-21-nov-au-23-dec-2025.pdf\" type=\"application\/pdf\" style=\"width:100%;height:600px\" aria-label=\"Contenu embarqu\u00e9 Pro-Trianon-21-nov-au-23-dec-2025.\"><\/object><a id=\"wp-block-file--media-e08b40f2-e069-4c24-8783-34947ba468c6\" href=\"https:\/\/elzede.net\/acl\/wp-content\/uploads\/2025\/11\/Pro-Trianon-21-nov-au-23-dec-2025.pdf\">Pro-Trianon-21-nov-au-23-dec-2025<\/a><a href=\"https:\/\/elzede.net\/acl\/wp-content\/uploads\/2025\/11\/Pro-Trianon-21-nov-au-23-dec-2025.pdf\" class=\"wp-block-file__button wp-element-button\" download aria-describedby=\"wp-block-file--media-e08b40f2-e069-4c24-8783-34947ba468c6\">T\u00e9l\u00e9charger<\/a><\/div>\n\n\n\n<div class=\"wp-block-buttons is-content-justification-right is-layout-flex wp-container-core-buttons-is-layout-765c4724 wp-block-buttons-is-layout-flex\">\n<div class=\"wp-block-button\"><a class=\"wp-block-button__link has-vivid-cyan-blue-background-color has-background wp-element-button\" href=\"#top25pgm\">Haut<\/a><\/div>\n<\/div>\n\n\n\n<div data-wp-interactive=\"core\/file\" class=\"wp-block-file\"><object data-wp-bind--hidden=\"!state.hasPdfPreview\" hidden class=\"wp-block-file__embed\" data=\"https:\/\/elzede.net\/acl\/wp-content\/uploads\/2025\/10\/PRO-17-OCT-AU-18-NOV-25.pdf\" type=\"application\/pdf\" style=\"width:100%;height:600px\" aria-label=\"Contenu embarqu\u00e9 PRO 17 OCT AU 18 NOV 25.\"><\/object><a id=\"wp-block-file--media-1a8143c5-c9aa-4801-a44a-89cfb1563f5c\" href=\"https:\/\/elzede.net\/acl\/wp-content\/uploads\/2025\/10\/PRO-17-OCT-AU-18-NOV-25.pdf\">PRO 17 OCT AU 18 NOV 25<\/a><a href=\"https:\/\/elzede.net\/acl\/wp-content\/uploads\/2025\/10\/PRO-17-OCT-AU-18-NOV-25.pdf\" class=\"wp-block-file__button wp-element-button\" download aria-describedby=\"wp-block-file--media-1a8143c5-c9aa-4801-a44a-89cfb1563f5c\">T\u00e9l\u00e9charger<\/a><\/div>\n\n\n\n<div class=\"wp-block-buttons is-content-justification-right is-layout-flex wp-container-core-buttons-is-layout-765c4724 wp-block-buttons-is-layout-flex\">\n<div class=\"wp-block-button\"><a class=\"wp-block-button__link has-vivid-cyan-blue-background-color has-background wp-element-button\" href=\"#top25pgm\">Haut<\/a><\/div>\n<\/div>\n\n\n\n<div data-wp-interactive=\"core\/file\" class=\"wp-block-file\"><object data-wp-bind--hidden=\"!state.hasPdfPreview\" hidden class=\"wp-block-file__embed\" data=\"https:\/\/elzede.net\/acl\/wp-content\/uploads\/2025\/09\/programme-Lux-septembre.pdf\" type=\"application\/pdf\" style=\"width:100%;height:600px\" aria-label=\"Contenu embarqu\u00e9 programme Lux septembre.\"><\/object><a id=\"wp-block-file--media-7d15f3b9-94ce-4bf7-8182-945dafecdcf3\" href=\"https:\/\/elzede.net\/acl\/wp-content\/uploads\/2025\/09\/programme-Lux-septembre.pdf\">programme Lux septembre<\/a><a href=\"https:\/\/elzede.net\/acl\/wp-content\/uploads\/2025\/09\/programme-Lux-septembre.pdf\" class=\"wp-block-file__button wp-element-button\" download aria-describedby=\"wp-block-file--media-7d15f3b9-94ce-4bf7-8182-945dafecdcf3\">T\u00e9l\u00e9charger<\/a><\/div>\n\n\n\n<div class=\"wp-block-buttons is-content-justification-right is-layout-flex wp-container-core-buttons-is-layout-765c4724 wp-block-buttons-is-layout-flex\">\n<div class=\"wp-block-button\"><a class=\"wp-block-button__link has-vivid-cyan-blue-background-color has-background wp-element-button\" href=\"#top25pgm\">Haut<\/a><\/div>\n<\/div>\n\n\n\n<div data-wp-interactive=\"core\/file\" class=\"wp-block-file\"><object data-wp-bind--hidden=\"!state.hasPdfPreview\" hidden class=\"wp-block-file__embed\" data=\"https:\/\/elzede.net\/acl\/wp-content\/uploads\/2025\/04\/PGM-2025-04.pdf\" type=\"application\/pdf\" style=\"width:100%;height:600px\" aria-label=\"Contenu embarqu\u00e9 PGM 2025-04.\"><\/object><a id=\"wp-block-file--media-858ba18e-8de8-4c58-86d4-9bd0f12dfbac\" href=\"https:\/\/elzede.net\/acl\/wp-content\/uploads\/2025\/04\/PGM-2025-04.pdf\">PGM 2025-04<\/a><a href=\"https:\/\/elzede.net\/acl\/wp-content\/uploads\/2025\/04\/PGM-2025-04.pdf\" class=\"wp-block-file__button wp-element-button\" download aria-describedby=\"wp-block-file--media-858ba18e-8de8-4c58-86d4-9bd0f12dfbac\">T\u00e9l\u00e9charger<\/a><\/div>\n\n\n\n<div class=\"wp-block-buttons is-content-justification-right is-layout-flex wp-container-core-buttons-is-layout-765c4724 wp-block-buttons-is-layout-flex\">\n<div class=\"wp-block-button\"><a class=\"wp-block-button__link has-vivid-cyan-blue-background-color has-background wp-element-button\" href=\"#top25pgm\">Haut<\/a><\/div>\n<\/div>\n\n\n\n<div data-wp-interactive=\"core\/file\" class=\"wp-block-file\"><object data-wp-bind--hidden=\"!state.hasPdfPreview\" hidden class=\"wp-block-file__embed\" data=\"https:\/\/elzede.net\/acl\/wp-content\/uploads\/2025\/03\/PGM-2025-03.pdf\" type=\"application\/pdf\" style=\"width:100%;height:600px\" aria-label=\"Contenu embarqu\u00e9 PGM 2025-03.\"><\/object><a id=\"wp-block-file--media-394fea70-b31c-41fc-aec8-676e95db30c1\" href=\"https:\/\/elzede.net\/acl\/wp-content\/uploads\/2025\/03\/PGM-2025-03.pdf\">PGM 2025-03<\/a><a href=\"https:\/\/elzede.net\/acl\/wp-content\/uploads\/2025\/03\/PGM-2025-03.pdf\" class=\"wp-block-file__button wp-element-button\" download aria-describedby=\"wp-block-file--media-394fea70-b31c-41fc-aec8-676e95db30c1\">T\u00e9l\u00e9charger<\/a><\/div>\n\n\n\n<div class=\"wp-block-buttons is-content-justification-right is-layout-flex wp-container-core-buttons-is-layout-765c4724 wp-block-buttons-is-layout-flex\">\n<div class=\"wp-block-button\"><a class=\"wp-block-button__link has-vivid-cyan-blue-background-color has-background wp-element-button\" href=\"#top25pgm\">Haut<\/a><\/div>\n<\/div>\n\n\n\n<div data-wp-interactive=\"core\/file\" class=\"wp-block-file\"><object data-wp-bind--hidden=\"!state.hasPdfPreview\" hidden class=\"wp-block-file__embed\" data=\"https:\/\/elzede.net\/acl\/wp-content\/uploads\/2025\/02\/PGM-2025-02.pdf\" type=\"application\/pdf\" style=\"width:100%;height:600px\" aria-label=\"Contenu embarqu\u00e9 PGM 2025-02.\"><\/object><a id=\"wp-block-file--media-564a24b8-29b5-4378-86b4-ff63db9b0866\" href=\"https:\/\/elzede.net\/acl\/wp-content\/uploads\/2025\/02\/PGM-2025-02.pdf\">PGM 2025-02<\/a><a href=\"https:\/\/elzede.net\/acl\/wp-content\/uploads\/2025\/02\/PGM-2025-02.pdf\" class=\"wp-block-file__button wp-element-button\" download aria-describedby=\"wp-block-file--media-564a24b8-29b5-4378-86b4-ff63db9b0866\">T\u00e9l\u00e9charger<\/a><\/div>\n\n\n\n<div class=\"wp-block-buttons is-content-justification-right is-layout-flex wp-container-core-buttons-is-layout-765c4724 wp-block-buttons-is-layout-flex\">\n<div class=\"wp-block-button\"><a class=\"wp-block-button__link has-vivid-cyan-blue-background-color has-background wp-element-button\" href=\"#top25pgm\">Haut<\/a><\/div>\n<\/div>\n\n\n\n<div data-wp-interactive=\"core\/file\" class=\"wp-block-file\"><object data-wp-bind--hidden=\"!state.hasPdfPreview\" hidden class=\"wp-block-file__embed\" data=\"https:\/\/elzede.net\/acl\/wp-content\/uploads\/2025\/02\/PGM-2025-01.pdf\" type=\"application\/pdf\" style=\"width:100%;height:600px\" aria-label=\"Contenu embarqu\u00e9 PGM 2025-01.\"><\/object><a id=\"wp-block-file--media-b2db7a11-fbdc-4739-ad74-bb94ab42364b\" href=\"https:\/\/elzede.net\/acl\/wp-content\/uploads\/2025\/02\/PGM-2025-01.pdf\">PGM 2025-01<\/a><a href=\"https:\/\/elzede.net\/acl\/wp-content\/uploads\/2025\/02\/PGM-2025-01.pdf\" class=\"wp-block-file__button wp-element-button\" download aria-describedby=\"wp-block-file--media-b2db7a11-fbdc-4739-ad74-bb94ab42364b\">T\u00e9l\u00e9charger<\/a><\/div>\n\n\n\n<div class=\"wp-block-buttons is-content-justification-right is-layout-flex wp-container-core-buttons-is-layout-765c4724 wp-block-buttons-is-layout-flex\">\n<div class=\"wp-block-button\"><a class=\"wp-block-button__link has-vivid-cyan-blue-background-color has-background wp-element-button\" href=\"#top25pgm\">Haut<\/a><\/div>\n<\/div>\n\n\n\n<hr class=\"wp-block-separator has-text-color has-vivid-cyan-blue-color has-alpha-channel-opacity has-vivid-cyan-blue-background-color has-background is-style-wide\"\/>\n\n\n\n<div class=\"wp-block-buttons is-content-justification-center is-layout-flex wp-container-core-buttons-is-layout-16018d1d wp-block-buttons-is-layout-flex\">\n<div class=\"wp-block-button is-style-outline is-style-outline--1\"><a class=\"wp-block-button__link has-vivid-cyan-blue-color has-text-color has-link-color has-small-font-size has-custom-font-size wp-element-button\" href=\"http:\/\/elzede.net\/acl\/pgm-old\">Ann\u00e9es pr\u00e9c\u00e9dentes<\/a><\/div>\n<\/div>\n\n\n\n<p><\/p>\n","protected":false},"excerpt":{"rendered":"<p>Son succ\u00e8s est tel que la version papier s\u2019\u00e9puise rapidement, un sort que la version num\u00e9rique risque peu de conna\u00eetre.<\/p>\n","protected":false},"author":1,"featured_media":0,"parent":0,"menu_order":0,"comment_status":"closed","ping_status":"closed","template":"","meta":{"footnotes":""},"class_list":["post-3029","page","type-page","status-publish","hentry"],"_links":{"self":[{"href":"https:\/\/elzede.net\/acl\/wp-json\/wp\/v2\/pages\/3029","targetHints":{"allow":["GET"]}}],"collection":[{"href":"https:\/\/elzede.net\/acl\/wp-json\/wp\/v2\/pages"}],"about":[{"href":"https:\/\/elzede.net\/acl\/wp-json\/wp\/v2\/types\/page"}],"author":[{"embeddable":true,"href":"https:\/\/elzede.net\/acl\/wp-json\/wp\/v2\/users\/1"}],"replies":[{"embeddable":true,"href":"https:\/\/elzede.net\/acl\/wp-json\/wp\/v2\/comments?post=3029"}],"version-history":[{"count":14,"href":"https:\/\/elzede.net\/acl\/wp-json\/wp\/v2\/pages\/3029\/revisions"}],"predecessor-version":[{"id":3938,"href":"https:\/\/elzede.net\/acl\/wp-json\/wp\/v2\/pages\/3029\/revisions\/3938"}],"wp:attachment":[{"href":"https:\/\/elzede.net\/acl\/wp-json\/wp\/v2\/media?parent=3029"}],"curies":[{"name":"wp","href":"https:\/\/api.w.org\/{rel}","templated":true}]}}