{"id":2737,"date":"2024-07-08T18:15:29","date_gmt":"2024-07-08T16:15:29","guid":{"rendered":"https:\/\/elzede.net\/acl\/?page_id=2737"},"modified":"2024-10-13T16:14:42","modified_gmt":"2024-10-13T14:14:42","slug":"clap-2024","status":"publish","type":"page","link":"https:\/\/elzede.net\/acl\/clap-2024\/","title":{"rendered":"Clap 24 : Les Plages de Normandie"},"content":{"rendered":"\n<p id=\"clap24top\">Les Amis du Cin\u00e9ma de Lion vous proposent tout un week-end consacr\u00e9 \u00e0 des artistes normands, qu&rsquo;ils soient r\u00e9alisateurs, acteurs ou producteurs. Ce week-end s&rsquo;inscrit dans le cadre d&rsquo;un cycle<strong> CLAP<\/strong> pour<strong><em> Caen Lion Avec Passion<\/em><\/strong>. Gageons que vous serez aussi passionn\u00e9s que nous. Les films propos\u00e9s sont de qualit\u00e9, mais nous savons que vous \u00eates gourmands de rencontres, aussi avons nous invit\u00e9 les gens \u00ab\u00a0qui font\u00a0\u00bb les films afin que vous puissiez \u00e9changer avec eux.<\/p>\n\n\n\n<p>En cette ann\u00e9e du 80eme anniversaire du D\u00e9barquement, nous proposons avec CLAP 24 un festival consacr\u00e9 aux plages de Normandie dans leur diversit\u00e9. Le projet est d\u2019affirmer que notre littoral normand ne se r\u00e9duit pas aux seules images m\u00e9morielles de la Bataille de Normandie mais est \u00e9galement un espace vivant, diversifi\u00e9 et tr\u00e8s cin\u00e9matographique. Ce n\u2019est pas un hasard si une partie d\u2019entre elles sont le berceau de l\u2019impressionnisme et si de nombreux films y ont \u00e9t\u00e9 tourn\u00e9s. Cette s\u00e9lection associant des classiques du cin\u00e9ma et des \u0153uvres plus r\u00e9centes en est l\u2019illustration<\/p>\n\n\n\n<p><a href=\"#clap24pgm\">Le contenu de ce CLAP 2024<\/a><br><a href=\"#clap24restau\">La restauration<\/a> <br><a href=\"#clap24date\">Les dates, horaires et tarif<\/a> <br><a href=\"#clap24resa\">La r\u00e9servation<\/a><\/p>\n\n\n\n<h2 class=\"wp-block-heading\" id=\"clap24pgm\">A la d\u00e9couverte du CLAP 2024<\/h2>\n\n\n\n<hr class=\"wp-block-separator has-text-color has-vivid-cyan-blue-color has-alpha-channel-opacity has-vivid-cyan-blue-background-color has-background is-style-wide\"\/>\n\n\n\n<h2 class=\"wp-block-heading has-text-align-center\"><strong>Vendredi  18 octobre &#8211; 20h30<\/strong><\/h2>\n\n\n\n<div class=\"wp-block-columns is-layout-flex wp-container-core-columns-is-layout-9d6595d7 wp-block-columns-is-layout-flex\">\n<div class=\"wp-block-column is-layout-flow wp-block-column-is-layout-flow\" style=\"flex-basis:50%\">\n<h3 class=\"wp-block-heading has-text-align-center\"><strong>Un singe en hiver &#8211; 1962 &#8211; Henri Verneui<\/strong><\/h3>\n\n\n\n<figure class=\"wp-block-image size-full\"><img loading=\"lazy\" decoding=\"async\" width=\"320\" height=\"430\" src=\"https:\/\/elzede.net\/acl\/wp-content\/uploads\/2024\/09\/SingeHiver.webp\" alt=\"\" class=\"wp-image-2846\" srcset=\"https:\/\/elzede.net\/acl\/wp-content\/uploads\/2024\/09\/SingeHiver.webp 320w, https:\/\/elzede.net\/acl\/wp-content\/uploads\/2024\/09\/SingeHiver-223x300.webp 223w\" sizes=\"auto, (max-width: 320px) 100vw, 320px\" \/><\/figure>\n<\/div>\n\n\n\n<div class=\"wp-block-column is-layout-flow wp-block-column-is-layout-flow\" style=\"flex-basis:50%\">\n<p><b>Synopsis<\/b><\/p><p> En juin 1944, Albert Quentin (Jean Gabin), ancien fusilier marin en Chine, tient, avec sa femme Suzanne (Suzanne Flon) l&rsquo;h\u00f4tel Stella dans le village de Tigreville, sur la c\u00f4te normande aux environs de Deauville.<\/p><p>\nIl se laisse souvent aller \u00e0 trop boire, ce qui le porte \u00e0 la nostalgie de sa jeunesse militaire v\u00e9cue sur le Yang-Ts\u00e9-Kiang. Lors d&rsquo;un bombardement en juin 1944, il promet \u00e0 Suzanne de ne plus boire si l&rsquo;h\u00f4tel \u00e9chappe \u00e0 la destruction; promesse tenue&#8230;.<\/p> <details> \n <summary>lire la suite <\/summary>\n<p>C\u2019est la seule fois o\u00f9 Jean Gabin et Jean-Paul Belmondo se rencontrent \u00e0 l\u2019\u00e9cran. La star du cin\u00e9ma fran\u00e7ais et l&rsquo;acteur vedette de la Nouvelle Vague y nouent une amiti\u00e9, l&rsquo;a\u00een\u00e9 d\u00e9veloppant m\u00eame un lien paternel avec le cadet.<\/p>\n<\/details>\n\n\n\n<hr class=\"wp-block-separator has-text-color has-vivid-cyan-blue-color has-alpha-channel-opacity has-vivid-cyan-blue-background-color has-background is-style-wide\"\/>\n\n\n\n<p><b>Pourquoi ce film ? <\/b><\/p> <details> \n <summary>notre r\u00e9ponse <\/summary>\n<p>La Normandie est \u00e0 l&rsquo;honneur dans ce film qui fait le lien entre plages du d\u00e9barquement et plages normandes en temps de paix.<\/p><p> Gabin promet de devenir abstinent en juin 1944. Et Belmondo le fait replonger quinze en plus tard !<\/p><p>Le film est tourn\u00e9 durant l&rsquo;hiver 1961-1962, sur la c\u00f4te normande, notamment \u00e0 <b>Villerville<\/b>, (sous le nom de <b>Tigreville<\/b>), mais \u00e9galement \u00e0 Trouville-sur-Mer, Deauville, Houlgate, Hennequeville, Port-en-Bessin et Lisieux. La gare du d\u00e9but du film est celle de Trouville-Deauville.<\/p><p>La sortie du film fut mouvement\u00e9e. Le minist\u00e8re de la sant\u00e9 tenta d\u2019interdire le film, y voyant une apologie de l\u2019alcool et une publicit\u00e9 trop visible de certaines marques sur les cendriers du bar. Faute d&rsquo;y parvenir, le minist\u00e8re demande,da une interd\u00eection aux moins de 18 ans<\/p>\n<\/details>\n<\/div>\n<\/div>\n\n\n\n<hr class=\"wp-block-separator has-text-color has-vivid-cyan-blue-color has-alpha-channel-opacity has-vivid-cyan-blue-background-color has-background is-style-wide\"\/>\n\n\n\n<h2 class=\"wp-block-heading has-text-align-center\"><strong>Samedi 19 octobre &#8211; 17H00<\/strong><\/h2>\n\n\n\n<div class=\"wp-block-columns is-layout-flex wp-container-core-columns-is-layout-9d6595d7 wp-block-columns-is-layout-flex\">\n<div class=\"wp-block-column is-layout-flow wp-block-column-is-layout-flow\" style=\"flex-basis:50%\">\n<p><b>Synopsis<\/b><\/p><p>Jeune homme d&rsquo;une trentaine d&rsquo;ann\u00e9es, Bruno Calgagni revient en France apr\u00e8s l&rsquo;avoir quitt\u00e9e sept ans auparavant pour les \u00c9tats-Unis, o\u00f9 il a purg\u00e9 une peine de cinq ans de prison pour usage et trafic de stup\u00e9fiants, au cours de laquelle il apprit le d\u00e9c\u00e8s de sa m\u00e8re. <\/p> <details> \n <summary>lire la suite <\/summary>\n<p>Bruno retrouve son p\u00e8re, Ren\u00e9, chef de chantier. Le p\u00e8re et le fils parviennent difficilement \u00e0 s&rsquo;habituer \u00e0 leur nouvelle vie commune car Ren\u00e9 rend Bruno responsable de la mort de sa m\u00e8re, morte de d\u00e9pression et d&rsquo;abus de m\u00e9dicaments..  <\/p><p>Une vive tension s&rsquo;installe entre les deux hommes qui en viennent aux mains avant que Bruno ne parte. Bruno se rend en Normandie avec Catherine, une ancienne toxicomane, mais ce s\u00e9jour s&rsquo;av\u00e8re compliqu\u00e9 pour Catherine, qui d\u00e8s leur retour, commence \u00e0 replonger dans la drogue, tout comme Bruno, qui craque apr\u00e8s avoir d\u00e9couvert par un proche que Ren\u00e9, victime d&rsquo;un accident de travail, a d\u00e9cid\u00e9 de couper tout lien avec lui.<\/p>\n<\/details>\n\n\n\n<hr class=\"wp-block-separator has-text-color has-vivid-cyan-blue-color has-alpha-channel-opacity has-vivid-cyan-blue-background-color has-background is-style-wide\"\/>\n\n\n\n<p><b>Pourquoi ce film ? <\/b><\/p> <details> \n <summary>notre r\u00e9ponse <\/summary>\n<p>Les personnages : Le regrett\u00e9 Patrick Dewaere campe un personnage complexe qui ressemble \u00e0 l&rsquo;homme qu&rsquo;il \u00e9tait. Yves Robert dans un r\u00f4le de p\u00e8re rageux<\/p><p> La Normandie (Luc-sur-Mer) offre un lieu de respiration dans une lutte \u00e2pre contre la toxicomanie, <\/p><p>La musique compos\u00e9e par Philippe Sarde, sera pour les amateurs de jazz un r\u00e9gal avec John Surman (sax baryton), Maurice Murphy (trompette), Barry Guy (basse) et l&rsquo;incontournable Archie Shepp (sax t\u00e9nor).   <\/p>\n<\/details>\n<\/div>\n\n\n\n<div class=\"wp-block-column is-layout-flow wp-block-column-is-layout-flow\" style=\"flex-basis:50%\">\n<h4 class=\"wp-block-heading has-text-align-center\">Un mauvais fils &#8211; 1980 &#8211; Claude Sautet<\/h4>\n\n\n\n<figure class=\"wp-block-image size-large\"><img loading=\"lazy\" decoding=\"async\" width=\"683\" height=\"1024\" src=\"https:\/\/elzede.net\/acl\/wp-content\/uploads\/2024\/07\/Un_mauvais_fils-683x1024.jpeg\" alt=\"\" class=\"wp-image-2759\" srcset=\"https:\/\/elzede.net\/acl\/wp-content\/uploads\/2024\/07\/Un_mauvais_fils-683x1024.jpeg 683w, https:\/\/elzede.net\/acl\/wp-content\/uploads\/2024\/07\/Un_mauvais_fils-200x300.jpeg 200w, https:\/\/elzede.net\/acl\/wp-content\/uploads\/2024\/07\/Un_mauvais_fils-768x1152.jpeg 768w, https:\/\/elzede.net\/acl\/wp-content\/uploads\/2024\/07\/Un_mauvais_fils.jpeg 1000w\" sizes=\"auto, (max-width: 683px) 100vw, 683px\" \/><\/figure>\n\n\n\n<p><strong><a href=\"#clap23resa\">R\u00e9servez votre place et le buffet pour ce film magnifique <\/a><\/strong><\/p>\n<\/div>\n<\/div>\n\n\n\n<hr class=\"wp-block-separator has-text-color has-vivid-cyan-blue-color has-alpha-channel-opacity has-vivid-cyan-blue-background-color has-background is-style-wide\"\/>\n\n\n\n<h2 class=\"wp-block-heading has-text-align-center\"><strong>Samedi 19 octobre &#8211; 19H00<\/strong><\/h2>\n\n\n\n<div class=\"wp-block-columns is-layout-flex wp-container-core-columns-is-layout-9d6595d7 wp-block-columns-is-layout-flex\">\n<div class=\"wp-block-column is-vertically-aligned-center is-layout-flow wp-block-column-is-layout-flow\" style=\"flex-basis:50%\"><\/div>\n<\/div>\n\n\n\n<p class=\"has-text-align-center\">Un buffet convivial pour partager vos impressions<\/p>\n\n\n\n<hr class=\"wp-block-separator has-text-color has-vivid-cyan-blue-color has-alpha-channel-opacity has-vivid-cyan-blue-background-color has-background is-style-wide\"\/>\n\n\n\n<h2 class=\"wp-block-heading has-text-align-center\"><strong>Samedi 19 octobre &#8211; 20h30<\/strong><\/h2>\n\n\n\n<div class=\"wp-block-columns is-layout-flex wp-container-core-columns-is-layout-9d6595d7 wp-block-columns-is-layout-flex\">\n<div class=\"wp-block-column is-layout-flow wp-block-column-is-layout-flow\" style=\"flex-basis:50%\">\n<h4 class=\"wp-block-heading has-text-align-center\">Albatros &#8211; 2021 &#8211; Xavier Beauvois<\/h4>\n\n\n\n<figure class=\"wp-block-image size-large\"><img loading=\"lazy\" decoding=\"async\" width=\"754\" height=\"1024\" src=\"https:\/\/elzede.net\/acl\/wp-content\/uploads\/2024\/07\/Albatros-754x1024.jpeg\" alt=\"\" class=\"wp-image-2758\" srcset=\"https:\/\/elzede.net\/acl\/wp-content\/uploads\/2024\/07\/Albatros-754x1024.jpeg 754w, https:\/\/elzede.net\/acl\/wp-content\/uploads\/2024\/07\/Albatros-221x300.jpeg 221w, https:\/\/elzede.net\/acl\/wp-content\/uploads\/2024\/07\/Albatros-768x1043.jpeg 768w, https:\/\/elzede.net\/acl\/wp-content\/uploads\/2024\/07\/Albatros-1131x1536.jpeg 1131w, https:\/\/elzede.net\/acl\/wp-content\/uploads\/2024\/07\/Albatros.jpeg 1178w\" sizes=\"auto, (max-width: 706px) 89vw, (max-width: 767px) 82vw, 740px\" \/><\/figure>\n<\/div>\n\n\n\n<div class=\"wp-block-column is-layout-flow wp-block-column-is-layout-flow\" style=\"flex-basis:50%\">\n<p><b>Synopsis<\/b><\/p><p>En pays de Caux, la vie de Laurent, commandant de la brigade de gendarmerie d&rsquo;\u00c9tretat, bascule apr\u00e8s avoir tu\u00e9 un agriculteur ruin\u00e9 en voulant l&#8217;emp\u00eacher de se suicider.<\/p> <details> \n <summary>lire la suite <\/summary>\n<p>Apr\u00e8s le drame, Laurent est confront\u00e9 au sentiment de culpabilit\u00e9 et de d\u00e9pression, avant d&rsquo;entamer une reconstruction en essayant de refaire le voyage vers Terre-Neuve comme ses anc\u00eatres marins f\u00e9campois et peut-\u00eatre avoir une nouvelle vie, abandonnant sa femme, sa fille et la gendarmerie. <\/p>\n<\/details>\n\n\n\n<hr class=\"wp-block-separator has-alpha-channel-opacity is-style-wide\"\/>\n\n\n\n<p><b>Pourquoi ce film ? <\/b><\/p> <details> \n <summary>notre r\u00e9ponse <\/summary>\n<p>Ce film noir injustement m\u00e9connu pr\u00e9sente une Normandie (Pays de Caux, Etretat, F\u00e9camp, Le Havre) bien au-del\u00e0 de la carte postale.<\/p><p>La dimension presque documentaire de la premi\u00e8re partie du film raconte la vie quotidienne des gendarmes entre vie priv\u00e9e et professionnelle face \u00e0 la mis\u00e8re sociale, le suicide, les affaires de p\u00e9dophilie, de vols, etc<\/p><p>Le film m\u00e9lange acteurs professionnels, J\u00e9r\u00e9mie Renier, Victor Belmondo, et acteurs non-professionnels qui jouent leurs propres r\u00f4les, l&rsquo;agriculteur Geoffroy Sery, gendarmes, pompiers volontaires, m\u00e9decins, etc.<\/p>\n<\/details>\n<\/div>\n<\/div>\n\n\n\n<div class=\"wp-block-buttons is-content-justification-right is-layout-flex wp-container-core-buttons-is-layout-765c4724 wp-block-buttons-is-layout-flex\">\n<div class=\"wp-block-button has-custom-width wp-block-button__width-25 has-custom-font-size is-style-outline has-small-font-size is-style-outline--1\"><a class=\"wp-block-button__link has-vivid-cyan-blue-color has-text-color wp-element-button\" href=\"#clap24top\">Retour en haut<\/a><\/div>\n<\/div>\n\n\n\n<hr class=\"wp-block-separator has-text-color has-vivid-cyan-blue-color has-alpha-channel-opacity has-vivid-cyan-blue-background-color has-background is-style-wide\"\/>\n\n\n\n<h2 class=\"wp-block-heading has-text-align-center\"><strong>Dimanche 20 octobre -10h30<\/strong><\/h2>\n\n\n\n<div class=\"wp-block-columns is-layout-flex wp-container-core-columns-is-layout-9d6595d7 wp-block-columns-is-layout-flex\">\n<div class=\"wp-block-column is-layout-flow wp-block-column-is-layout-flow\" style=\"flex-basis:50%\">\n<p><b>Synopsis<\/b><\/p><p>En Italie, durant la p\u00e9riode de l&rsquo;entre-deux-guerres, sur fond de r\u00e9cession \u00e9conomique et de mont\u00e9e du fascisme, Marco Pagot, un ancien pilote \u00e9m\u00e9rite du corps a\u00e9ronautique de l&rsquo;arm\u00e9e royale italienne, se voit transform\u00e9 en cochon et se reconvertit en chasseur de primes sous le nom de \u00ab Porco Rosso \u00bb.<\/p> <details> \n <summary>lire la suite <\/summary>\n<p> .<\/p>\n<\/details>\n\n\n\n<hr class=\"wp-block-separator has-text-color has-vivid-cyan-blue-color has-alpha-channel-opacity has-vivid-cyan-blue-background-color has-background is-style-wide\"\/>\n\n\n\n<p><b>Pourquoi ce film ? <\/b><\/p> <details> \n <summary>notre r\u00e9ponse <\/summary>\n<p>Ce grand classique des studios Ghibli nous a s\u00e9duit par le contrepoint que sont les plages de l\u2019Adriatique. Un film d\u2019animation qui ravira grands et petits.\n<\/p>\n<\/details>\n<\/div>\n\n\n\n<div class=\"wp-block-column is-layout-flow wp-block-column-is-layout-flow\" style=\"flex-basis:50%\">\n<h4 class=\"wp-block-heading\">Porco Rosso &#8211; 1992 &#8211; Hayao Miyasaki<\/h4>\n\n\n\n<figure class=\"wp-block-image size-full\"><img loading=\"lazy\" decoding=\"async\" width=\"474\" height=\"649\" src=\"https:\/\/elzede.net\/acl\/wp-content\/uploads\/2024\/07\/PorcoRosso.jpeg\" alt=\"\" class=\"wp-image-2757\" srcset=\"https:\/\/elzede.net\/acl\/wp-content\/uploads\/2024\/07\/PorcoRosso.jpeg 474w, https:\/\/elzede.net\/acl\/wp-content\/uploads\/2024\/07\/PorcoRosso-219x300.jpeg 219w\" sizes=\"auto, (max-width: 474px) 100vw, 474px\" \/><\/figure>\n<\/div>\n<\/div>\n\n\n\n<div class=\"wp-block-buttons is-content-justification-right is-layout-flex wp-container-core-buttons-is-layout-765c4724 wp-block-buttons-is-layout-flex\">\n<div class=\"wp-block-button has-custom-width wp-block-button__width-25 has-custom-font-size is-style-outline has-small-font-size is-style-outline--2\"><a class=\"wp-block-button__link has-vivid-cyan-blue-color has-text-color wp-element-button\" href=\"#clap24top\">Retour en haut<\/a><\/div>\n<\/div>\n\n\n\n<hr class=\"wp-block-separator has-text-color has-vivid-cyan-blue-color has-alpha-channel-opacity has-vivid-cyan-blue-background-color has-background is-style-wide\"\/>\n\n\n\n<h2 class=\"wp-block-heading has-text-align-center\"><strong>Dimanche 20 octobre &#8211; 17h<\/strong><\/h2>\n\n\n\n<div class=\"wp-block-columns is-layout-flex wp-container-core-columns-is-layout-9d6595d7 wp-block-columns-is-layout-flex\">\n<div class=\"wp-block-column is-layout-flow wp-block-column-is-layout-flow\" style=\"flex-basis:50%\">\n<h4 class=\"wp-block-heading\">Des mains en or<\/h4>\n\n\n\n<figure class=\"wp-block-image size-full\"><img loading=\"lazy\" decoding=\"async\" width=\"336\" height=\"486\" src=\"https:\/\/elzede.net\/acl\/wp-content\/uploads\/2024\/07\/MAinsEnOr.png\" alt=\"\" class=\"wp-image-2756\" srcset=\"https:\/\/elzede.net\/acl\/wp-content\/uploads\/2024\/07\/MAinsEnOr.png 336w, https:\/\/elzede.net\/acl\/wp-content\/uploads\/2024\/07\/MAinsEnOr-207x300.png 207w\" sizes=\"auto, (max-width: 336px) 100vw, 336px\" \/><\/figure>\n<\/div>\n\n\n\n<div class=\"wp-block-column is-layout-flow wp-block-column-is-layout-flow\" style=\"flex-basis:50%\">\n<p><b>Synopsis<\/b><\/p><p> Fran\u00e7ois est un \u00e9crivain r\u00e9put\u00e9 qui va bient\u00f4t int\u00e9grer la prestigieuse Acad\u00e9mie fran\u00e7aise. Il est mari\u00e9 \u00e0 Rose, une chirurgienne, et ne fr\u00e9quente que des personnes riches et haut plac\u00e9es. Mais <\/p> <details> \n <summary>lire la suite <\/summary>\n<p> l&rsquo;\u00e9crivain est rong\u00e9 par un mal de dos terrible qui le fait souffrir au quotidien.<\/p><p>\nC&rsquo;est alors qu&rsquo;il va croiser par hasard Martha, une \u00ab gu\u00e9risseuse \u00bb, qui va parvenir \u00e0 att\u00e9nuer miraculeusement la douleur. Fran\u00e7ois va alors sentir une v\u00e9ritable d\u00e9pendance aux mains de Martha, plus efficaces que les antalgiques prescrits par Rose. Une amiti\u00e9 va alors na\u00eetre entre ces deux personnalit\u00e9s tr\u00e8s diff\u00e9rentes et issues de deux mondes bien oppos\u00e9s.<\/p>\n<\/details>\n\n\n\n<hr class=\"wp-block-separator has-text-color has-vivid-cyan-blue-color has-alpha-channel-opacity has-vivid-cyan-blue-background-color has-background is-style-wide\"\/>\n\n\n\n<p><b>Pourquoi ce film ? <\/b><\/p> <details> \n <summary>notre r\u00e9ponse <\/summary>\n<p>Nous cherchions un film plus l\u00e9ger et familial pour clore ce festival. <\/p><p>Ce film tourn\u00e9 \u00e0 l&rsquo;\u00e9t\u00e9 2022 met en valeur la C\u00f4te de Nacre et ses environs (Saint-Aubin-sur-Mer, Luc-sur-Mer et Courseulles-sur-Mer). <\/p><p>Et peut-\u00eatre reconna\u00eetrez vous des lieux et des personnalit\u00e9s locales<\/p>\n<\/details>\n<\/div>\n<\/div>\n\n\n\n<div class=\"wp-block-buttons is-content-justification-right is-layout-flex wp-container-core-buttons-is-layout-765c4724 wp-block-buttons-is-layout-flex\">\n<div class=\"wp-block-button has-custom-width wp-block-button__width-25 has-custom-font-size is-style-outline has-small-font-size is-style-outline--3\"><a class=\"wp-block-button__link has-vivid-cyan-blue-color has-text-color wp-element-button\" href=\"#clap24top\">Retour en haut<\/a><\/div>\n<\/div>\n\n\n\n<hr class=\"wp-block-separator has-text-color has-vivid-cyan-blue-color has-alpha-channel-opacity has-vivid-cyan-blue-background-color has-background is-style-wide\"\/>\n\n\n\n<h2 class=\"wp-block-heading\" id=\"clap24restau\">La restauration<\/h2>\n\n\n\n<p>Parce qu&rsquo;entre deux s\u00e9ances, vous aurez besoin de vous restaurer, un buffet vous est propos\u00e9 (<a href=\"#clap24resa\">sur r\u00e9servation<\/a>).<\/p>\n\n\n\n<p>Ce buffet sera un moment de respiration et d&rsquo;\u00e9change entre deux films  parce que d&rsquo;exp\u00e9rience, nous savons que vous adorez partager vos impressions, critiques et remarques avec les autres spectateurs. <\/p>\n\n\n\n<p>Pour un CLAP24 consacr\u00e9 aux plages de Normandie, nous avons choisi un menu normand (\u00e9tonnant ! non ?) avec un poulet d&rsquo;Auge cuisin\u00e9 par des professionnels de la restauration second\u00e9s par des b\u00e9n\u00e9voles des Amis du cin\u00e9ma de Lion.<\/p>\n\n\n\n<p><strong>Nouveaut\u00e9 CLAP24<\/strong> <br>Pour les plus <strong>jeunes<\/strong> d&rsquo;entre nous, il y a un tarif sp\u00e9cial comprenant <strong>le buffet + un film + le ptit d\u00e8j&rsquo;<\/strong><\/p>\n\n\n\n<p>Et vous aurez la possibilit\u00e9 d&rsquo;acc\u00e9der \u00e0 notre modeste bar.<\/p>\n\n\n\n<p><strong>ATTENTION, il n&rsquo;y a que cinquante places (donc une <a href=\"#clap23resa\">r\u00e9servation<\/a> s&rsquo;impose)<\/strong><\/p>\n\n\n\n<div class=\"wp-block-buttons is-content-justification-right is-layout-flex wp-container-core-buttons-is-layout-765c4724 wp-block-buttons-is-layout-flex\">\n<div class=\"wp-block-button has-custom-width wp-block-button__width-25 has-custom-font-size is-style-outline has-small-font-size is-style-outline--4\"><a class=\"wp-block-button__link has-vivid-cyan-blue-color has-text-color wp-element-button\" href=\"#clap24top\">Retour en haut<\/a><\/div>\n<\/div>\n\n\n\n<hr class=\"wp-block-separator has-text-color has-vivid-cyan-blue-color has-alpha-channel-opacity has-vivid-cyan-blue-background-color has-background is-style-wide\"\/>\n\n\n\n<h2 class=\"wp-block-heading\" id=\"clap24date\">Les dates, horaires et tarif<\/h2>\n\n\n\n<ul class=\"wp-block-list\">\n<li>Vendredi 18 oct. &#8211; 20h30 &#8211; <strong>Un singe en hiver<\/strong> &#8211; <em><a href=\"#clap23resa\">Resa<\/a> ou Tarif habituel<\/em><\/li>\n\n\n\n<li>Samedi 19 oct. &#8211; 17h00 &#8211; <strong>Un mauvais fils<\/strong> &#8211; <em><a href=\"#clap23resa\">Resa<\/a> ou <em>Tarif habituel<\/em><\/em><\/li>\n\n\n\n<li>Samedi 19 oct. &#8211; 19h00 &#8211; <strong>Buffet &#8211; rencontre invit\u00e9s<\/strong> &#8211; <em><a href=\"#clap23resa\">Sur r\u00e9servation<\/a><\/em><\/li>\n\n\n\n<li>Samedi 19 oct. &#8211; 20h30 &#8211; <strong>Albatros <\/strong> &#8211; <em><em> <em><a href=\"#clap23resa\">Resa<\/a> ou <em>Tarif habituel<\/em><\/em><\/em><\/em><\/li>\n\n\n\n<li>Dimanche 20 oct. -10h00 &#8211; <strong>Le petit d\u00e8j&rsquo;<\/strong> &#8211; 1\u20ac<\/li>\n\n\n\n<li>Dimanche 20 oct. -10h30 &#8211; <strong>Porco Rosso<\/strong> &#8211; <em><em><em><em> <em>Tarif habituel<\/em><\/em><\/em><\/em><\/em><\/li>\n\n\n\n<li>Dimanche 20 oct. &#8211; 17h00 &#8211;<strong>Des mains en or<\/strong> &#8211; <em>Tarif habituel<\/em><\/li>\n<\/ul>\n\n\n\n<div class=\"wp-block-buttons is-content-justification-right is-layout-flex wp-container-core-buttons-is-layout-765c4724 wp-block-buttons-is-layout-flex\">\n<div class=\"wp-block-button has-custom-width wp-block-button__width-25 has-custom-font-size is-style-outline has-small-font-size is-style-outline--5\"><a class=\"wp-block-button__link has-vivid-cyan-blue-color has-text-color wp-element-button\" href=\"#clap24top\">Retour en haut<\/a><\/div>\n<\/div>\n\n\n\n<hr class=\"wp-block-separator has-text-color has-vivid-cyan-blue-color has-alpha-channel-opacity has-vivid-cyan-blue-background-color has-background is-style-wide\"\/>\n\n\n\n<h2 class=\"wp-block-heading\" id=\"clap24resa\">La r\u00e9servation<\/h2>\n\n\n\n<p>Le buffet est un moment de rencontre pour partager nos impressions sur les films de ce festival<br>Nous avons donc limit\u00e9 le nombre de places disponibles \u00e0 cinquante personnes pour faciliter les \u00e9changes.<br>Et nous faisons confiance depuis plusieurs ann\u00e9es \u00e0 HelloAsso pour la gestion s\u00e9curis\u00e9e de votre paiement.<br><br>Vous ne voyez pas tous les tarifs ? Faites d\u00e9filer la petite fen\u00eatre.<\/p>\n\n\n\n<iframe id=\"haWidget\" allowtransparency=\"true\" scrolling=\"auto\" src=\"https:\/\/www.helloasso.com\/associations\/les-amis-du-cinema-de-lion\/evenements\/clap24-sur-l-amour-des-plages\/widget\" style=\"width: 100%; height: 750px; border: none;\"><\/iframe>\n\n\n\n<div class=\"wp-block-buttons is-content-justification-right is-layout-flex wp-container-core-buttons-is-layout-765c4724 wp-block-buttons-is-layout-flex\">\n<div class=\"wp-block-button has-custom-width wp-block-button__width-25 has-custom-font-size is-style-outline has-small-font-size is-style-outline--6\"><a class=\"wp-block-button__link has-vivid-cyan-blue-color has-text-color wp-element-button\" href=\"#clap24top\">Retour en haut<\/a><\/div>\n<\/div>\n","protected":false},"excerpt":{"rendered":"<p>Les Amis du Cin\u00e9ma de Lion vous proposent tout un week-end consacr\u00e9 \u00e0 des artistes normands, qu&rsquo;ils soient r\u00e9alisateurs, acteurs ou producteurs. Ce week-end s&rsquo;inscrit dans le cadre d&rsquo;un cycle CLAP pour Caen Lion Avec Passion. Gageons que vous serez aussi passionn\u00e9s que nous. Les films propos\u00e9s sont de qualit\u00e9, mais nous savons que vous &hellip; <\/p>\n<p class=\"link-more\"><a href=\"https:\/\/elzede.net\/acl\/clap-2024\/\" class=\"more-link\">Continuer la lecture<span class=\"screen-reader-text\"> de &laquo;&nbsp;Clap 24 : Les Plages de Normandie&nbsp;&raquo;<\/span><\/a><\/p>\n","protected":false},"author":1,"featured_media":2837,"parent":0,"menu_order":0,"comment_status":"closed","ping_status":"closed","template":"","meta":{"footnotes":""},"class_list":["post-2737","page","type-page","status-publish","has-post-thumbnail","hentry"],"_links":{"self":[{"href":"https:\/\/elzede.net\/acl\/wp-json\/wp\/v2\/pages\/2737","targetHints":{"allow":["GET"]}}],"collection":[{"href":"https:\/\/elzede.net\/acl\/wp-json\/wp\/v2\/pages"}],"about":[{"href":"https:\/\/elzede.net\/acl\/wp-json\/wp\/v2\/types\/page"}],"author":[{"embeddable":true,"href":"https:\/\/elzede.net\/acl\/wp-json\/wp\/v2\/users\/1"}],"replies":[{"embeddable":true,"href":"https:\/\/elzede.net\/acl\/wp-json\/wp\/v2\/comments?post=2737"}],"version-history":[{"count":17,"href":"https:\/\/elzede.net\/acl\/wp-json\/wp\/v2\/pages\/2737\/revisions"}],"predecessor-version":[{"id":2863,"href":"https:\/\/elzede.net\/acl\/wp-json\/wp\/v2\/pages\/2737\/revisions\/2863"}],"wp:featuredmedia":[{"embeddable":true,"href":"https:\/\/elzede.net\/acl\/wp-json\/wp\/v2\/media\/2837"}],"wp:attachment":[{"href":"https:\/\/elzede.net\/acl\/wp-json\/wp\/v2\/media?parent=2737"}],"curies":[{"name":"wp","href":"https:\/\/api.w.org\/{rel}","templated":true}]}}