{"id":2729,"date":"2024-07-05T16:43:38","date_gmt":"2024-07-05T14:43:38","guid":{"rendered":"https:\/\/elzede.net\/acl\/?page_id=2729"},"modified":"2024-07-13T12:13:39","modified_gmt":"2024-07-13T10:13:39","slug":"240915-acro","status":"publish","type":"page","link":"https:\/\/elzede.net\/acl\/240915-acro\/","title":{"rendered":"Samedi&rsquo;ff\u00e9rent : A la rencontre des Sentinelles de l&rsquo;atome"},"content":{"rendered":"\n<h2 class=\"wp-block-heading\">Encore un <strong><em>samedi&rsquo;ff\u00e9rent<\/em><\/strong> propos\u00e9 par les <strong>Amis du Cin\u00e9ma de Lion<\/strong> en partenariat avec  <strong>Lion-Environnement<\/strong><\/h2>\n\n\n\n<p>Ce <strong>samedi 14 septembre \u00e0 20h30<\/strong>, nous vous invitons \u00e0 rencontrer <strong>Dominique MAESTRALI<\/strong>, r\u00e9alisateur du documentaire<strong><em> \u00ab\u00a0Les Sentinelles de l&rsquo;Atome\u00a0\u00bb<\/em><\/strong> et des membres de l&rsquo;<strong>ACRO<\/strong> qui apparaissent dans ce m\u00eame documentaire. Apr\u00e8s la projection, vous pourrez longuement \u00e9changer avec eux et des membres de<strong> Nucl\u00e9aire en question<\/strong> (Caen)<\/p>\n\n\n\n<h3 class=\"wp-block-heading has-text-align-center has-vivid-red-color has-text-color has-link-color wp-elements-70e5fb3359241e2fbaa5c1903cae9592\"><em><strong>Soir\u00e9e \u00ab\u00a0au chapeau\u00a0\u00bb <\/strong><\/em><\/h3>\n\n\n\n<h3 class=\"wp-block-heading\"><strong>Dominique MAESTRALI<\/strong><\/h3>\n\n\n\n<div class=\"wp-block-media-text is-stacked-on-mobile\"><figure class=\"wp-block-media-text__media\"><img loading=\"lazy\" decoding=\"async\" width=\"398\" height=\"450\" src=\"https:\/\/elzede.net\/acl\/wp-content\/uploads\/2024\/07\/Dominique-MAESTRALI.jpg\" alt=\"\" class=\"wp-image-2746 size-full\" srcset=\"https:\/\/elzede.net\/acl\/wp-content\/uploads\/2024\/07\/Dominique-MAESTRALI.jpg 398w, https:\/\/elzede.net\/acl\/wp-content\/uploads\/2024\/07\/Dominique-MAESTRALI-265x300.jpg 265w\" sizes=\"auto, (max-width: 398px) 100vw, 398px\" \/><\/figure><div class=\"wp-block-media-text__content\">\n<p>Dominique MAESTRALI est un documentariste normand.<br>Il a ouvert son coffre \u00e0 merveilles en d\u00e9cembre en nous proposant \u00ab\u00a0Libert\u00e9 en transit\u00a0\u00bb sur les migrants afghans bloqu\u00e9s \u00e0 Cherbourg.<\/p>\n\n\n\n<p>Autour du nucl\u00e9aire, il a r\u00e9alis\u00e9 plusieurs documentaires \u00ab\u00a0Tchernobyl\u00a0\u00bb, \u00ab\u00a0Les Sentinelles de l&rsquo;atome\u00a0\u00bb afin de nous faire prendre conscience du monde dans lequel vivent de nombreux pays, Japon, Unkraine, Bi\u00e9lorussie, France&#8230;.<\/p>\n<\/div><\/div>\n\n\n\n<h3 class=\"wp-block-heading\"><strong>Les Sentinelles de l&rsquo;Atome<\/strong><\/h3>\n\n\n\n<div class=\"wp-block-media-text has-media-on-the-right is-stacked-on-mobile\"><div class=\"wp-block-media-text__content\">\n<p>Le documentaire s&rsquo;int\u00e9resse \u00e0 l&rsquo;action entreprise par l&rsquo;ACRO pour mesurer scientifiquement l&rsquo;impact des centrales nucl\u00e9aires sur l&rsquo;environnement naturel et humain.<br>Du Japon \u00e0 la Normandie en passant par l&rsquo;Ukraine et la Bi\u00e9lorussie sa cam\u00e9ra filme des citoyens qui \u0153uvrent de fa\u00e7on ind\u00e9pendante, face aux institutions, pour nous ouvrir les yeux sur ce sujet d\u00e9licat. <\/p>\n<\/div><figure class=\"wp-block-media-text__media\"><img loading=\"lazy\" decoding=\"async\" width=\"640\" height=\"360\" src=\"https:\/\/elzede.net\/acl\/wp-content\/uploads\/2024\/07\/ACRO-Veille.jpeg\" alt=\"\" class=\"wp-image-2749 size-full\" srcset=\"https:\/\/elzede.net\/acl\/wp-content\/uploads\/2024\/07\/ACRO-Veille.jpeg 640w, https:\/\/elzede.net\/acl\/wp-content\/uploads\/2024\/07\/ACRO-Veille-300x169.jpeg 300w\" sizes=\"auto, (max-width: 640px) 100vw, 640px\" \/><\/figure><\/div>\n\n\n\n<h3 class=\"wp-block-heading\"><strong>L&rsquo;ACRO (Association pour le Contr\u00f4le de la Radioactivit\u00e9 dans l&rsquo;Ouest)<\/strong><\/h3>\n\n\n\n<div class=\"wp-block-media-text is-stacked-on-mobile\"><figure class=\"wp-block-media-text__media\"><img loading=\"lazy\" decoding=\"async\" width=\"500\" height=\"500\" src=\"https:\/\/elzede.net\/acl\/wp-content\/uploads\/2024\/07\/Logo-ACRO.png\" alt=\"\" class=\"wp-image-2752 size-full\" srcset=\"https:\/\/elzede.net\/acl\/wp-content\/uploads\/2024\/07\/Logo-ACRO.png 500w, https:\/\/elzede.net\/acl\/wp-content\/uploads\/2024\/07\/Logo-ACRO-300x300.png 300w, https:\/\/elzede.net\/acl\/wp-content\/uploads\/2024\/07\/Logo-ACRO-150x150.png 150w, https:\/\/elzede.net\/acl\/wp-content\/uploads\/2024\/07\/Logo-ACRO-100x100.png 100w\" sizes=\"auto, (max-width: 500px) 100vw, 500px\" \/><\/figure><div class=\"wp-block-media-text__content\">\n<p><a href=\"http:\/\/www.acro.eu.org\/\">L\u2019ACRO (Association pour le Contr\u00f4le de la Radioactivit\u00e9 dans l\u2019Ouest)<\/a>&nbsp;) est n\u00e9e \u00e0 la suite de l\u2019accident de Tchernobyl. Depuis 1986, elle conduit son action dans la r\u00e9gion normande mais aussi en Bi\u00e9lorussie et aujourd\u2019hui au Japon autour de Fukushima.<br>Issue des mouvements des ann\u00e9es 70, l&rsquo;ACRO est un des rares<strong>&nbsp;laboratoires ind\u00e9pendants et citoyens<\/strong>&nbsp;dans le paysage nucl\u00e9aire. Sa qualit\u00e9 d\u2019expertise scientifique et sa rigueur l\u2019ont amen\u00e9e \u00e0 compter dans un domaine pourtant tr\u00e8s ferm\u00e9.<br><strong>Source d\u2019information fiable<\/strong>, elle participe \u00e0 modifier les rapports de la soci\u00e9t\u00e9 civile avec les industriels et les institutions en charge du nucl\u00e9aire.<\/p>\n\n\n\n<p class=\"has-small-font-size\"><strong><em>(Texte de Catherine GAUBERTI &#8211; FR3 Normandie)<\/em><\/strong><\/p>\n<\/div><\/div>\n","protected":false},"excerpt":{"rendered":"<p>Encore un samedi&rsquo;ff\u00e9rent propos\u00e9 par les Amis du Cin\u00e9ma de Lion en partenariat avec Lion-Environnement Ce samedi 14 septembre \u00e0 20h30, nous vous invitons \u00e0 rencontrer Dominique MAESTRALI, r\u00e9alisateur du documentaire \u00ab\u00a0Les Sentinelles de l&rsquo;Atome\u00a0\u00bb et des membres de l&rsquo;ACRO qui apparaissent dans ce m\u00eame documentaire. Apr\u00e8s la projection, vous pourrez longuement \u00e9changer avec eux &hellip; <\/p>\n<p class=\"link-more\"><a href=\"https:\/\/elzede.net\/acl\/240915-acro\/\" class=\"more-link\">Continuer la lecture<span class=\"screen-reader-text\"> de &laquo;&nbsp;Samedi&rsquo;ff\u00e9rent : A la rencontre des Sentinelles de l&rsquo;atome&nbsp;&raquo;<\/span><\/a><\/p>\n","protected":false},"author":1,"featured_media":0,"parent":0,"menu_order":0,"comment_status":"closed","ping_status":"closed","template":"","meta":{"footnotes":""},"class_list":["post-2729","page","type-page","status-publish","hentry"],"_links":{"self":[{"href":"https:\/\/elzede.net\/acl\/wp-json\/wp\/v2\/pages\/2729","targetHints":{"allow":["GET"]}}],"collection":[{"href":"https:\/\/elzede.net\/acl\/wp-json\/wp\/v2\/pages"}],"about":[{"href":"https:\/\/elzede.net\/acl\/wp-json\/wp\/v2\/types\/page"}],"author":[{"embeddable":true,"href":"https:\/\/elzede.net\/acl\/wp-json\/wp\/v2\/users\/1"}],"replies":[{"embeddable":true,"href":"https:\/\/elzede.net\/acl\/wp-json\/wp\/v2\/comments?post=2729"}],"version-history":[{"count":7,"href":"https:\/\/elzede.net\/acl\/wp-json\/wp\/v2\/pages\/2729\/revisions"}],"predecessor-version":[{"id":2765,"href":"https:\/\/elzede.net\/acl\/wp-json\/wp\/v2\/pages\/2729\/revisions\/2765"}],"wp:attachment":[{"href":"https:\/\/elzede.net\/acl\/wp-json\/wp\/v2\/media?parent=2729"}],"curies":[{"name":"wp","href":"https:\/\/api.w.org\/{rel}","templated":true}]}}