{"id":2359,"date":"2024-02-05T17:51:38","date_gmt":"2024-02-05T16:51:38","guid":{"rendered":"https:\/\/elzede.net\/acl\/?page_id=2359"},"modified":"2024-02-15T17:05:41","modified_gmt":"2024-02-15T16:05:41","slug":"kinotrouille24","status":"publish","type":"page","link":"https:\/\/elzede.net\/acl\/kinotrouille24\/","title":{"rendered":"Et si on jouait \u00e0 se faire peur avec le KinoTrouille"},"content":{"rendered":"\n<h2 class=\"wp-block-heading has-vivid-red-color has-text-color has-link-color wp-elements-057626a94187cb907b4fcaee523b1c81\"><strong>Samedi -17 f\u00e9vrier &#8211; 19h<\/strong><\/h2>\n\n\n\n<p>Pour ce premier samedi&rsquo;ff\u00e9rent de l&rsquo;ann\u00e9e, nous avons choisi de jouer avec les \u00e9motions primaires, la peur et le rire.<\/p>\n\n\n\n<p>Pour cela, avec la complicit\u00e9 de nos amis de KinoCaen, nous avons s\u00e9lectionn\u00e9 une vingtaine de p\u00e9pites r\u00e9alis\u00e9es lors d&rsquo;une session KinoTrouille.<\/p>\n\n\n\n<p>Le principe est simple : des \u00e9quipes ont eu 72h pour concevoir, tourner, monter et finaliser des films dont la dur\u00e9e varie entre cinquante secondes et dix minutes sur le th\u00e8me de la Trouille.<\/p>\n\n\n\n<p>Vous serez \u00e9tonn\u00e9s par la cr\u00e9ativit\u00e9 des \u00e9quipes,  acteurs et techniciens.<\/p>\n\n\n\n<h2 class=\"wp-block-heading has-vivid-red-color has-text-color has-link-color wp-elements-fc5ef284c97a4adaac30255fbe9c13c3\"><strong>Le programme<\/strong><\/h2>\n\n\n\n<p>Pour que la surprise soit compl\u00e8te, on ne le met pas en ligne, mais faites nous confiance ! C&rsquo;est que du bon !<\/p>\n\n\n\n<p>Puisque vous y tenez,<a href=\"http:\/\/elzede.net\/acl\/kt24pgm1\/\"> le programme est ici<\/a><\/p>\n\n\n\n<h2 class=\"wp-block-heading has-vivid-red-color has-text-color has-link-color wp-elements-cea85b35f568c9626f938b828f39716e\"><strong>La s\u00e9ance d\u00e9bute \u00e0 19h<\/strong><\/h2>\n\n\n\n<p>On \u00e9change avec les acteurs et techniciens pr\u00e9sents durant une premi\u00e8re session d&rsquo;environ une heure<\/p>\n\n\n\n<p>On fait une pause de trente minutes pour se remettre de nos \u00e9motions<\/p>\n\n\n\n<p>Et on termine avec une deuxi\u00e8me session d&rsquo;environ une heure avec toujours des \u00e9changes.<\/p>\n\n\n\n<h2 class=\"wp-block-heading has-vivid-red-color has-text-color has-link-color wp-elements-e25e45e7f51c7bc9ad37fb59a734f212\"><strong>Tarif<\/strong><\/h2>\n\n\n\n<p><em>Ce qui est gratuit n&rsquo;ayant pas de valeur&#8230;. les adh\u00e9rents ont d\u00e9cid\u00e9 que la place serait \u00e0 <strong>Un Euro<\/strong> par personne !<\/em><\/p>\n","protected":false},"excerpt":{"rendered":"<p>Samedi -17 f\u00e9vrier &#8211; 19h Pour ce premier samedi&rsquo;ff\u00e9rent de l&rsquo;ann\u00e9e, nous avons choisi de jouer avec les \u00e9motions primaires, la peur et le rire. Pour cela, avec la complicit\u00e9 de nos amis de KinoCaen, nous avons s\u00e9lectionn\u00e9 une vingtaine de p\u00e9pites r\u00e9alis\u00e9es lors d&rsquo;une session KinoTrouille. Le principe est simple : des \u00e9quipes ont &hellip; <\/p>\n<p class=\"link-more\"><a href=\"https:\/\/elzede.net\/acl\/kinotrouille24\/\" class=\"more-link\">Continuer la lecture<span class=\"screen-reader-text\"> de &laquo;&nbsp;Et si on jouait \u00e0 se faire peur avec le KinoTrouille&nbsp;&raquo;<\/span><\/a><\/p>\n","protected":false},"author":1,"featured_media":2356,"parent":0,"menu_order":0,"comment_status":"closed","ping_status":"closed","template":"","meta":{"footnotes":""},"class_list":["post-2359","page","type-page","status-publish","has-post-thumbnail","hentry"],"_links":{"self":[{"href":"https:\/\/elzede.net\/acl\/wp-json\/wp\/v2\/pages\/2359","targetHints":{"allow":["GET"]}}],"collection":[{"href":"https:\/\/elzede.net\/acl\/wp-json\/wp\/v2\/pages"}],"about":[{"href":"https:\/\/elzede.net\/acl\/wp-json\/wp\/v2\/types\/page"}],"author":[{"embeddable":true,"href":"https:\/\/elzede.net\/acl\/wp-json\/wp\/v2\/users\/1"}],"replies":[{"embeddable":true,"href":"https:\/\/elzede.net\/acl\/wp-json\/wp\/v2\/comments?post=2359"}],"version-history":[{"count":4,"href":"https:\/\/elzede.net\/acl\/wp-json\/wp\/v2\/pages\/2359\/revisions"}],"predecessor-version":[{"id":2372,"href":"https:\/\/elzede.net\/acl\/wp-json\/wp\/v2\/pages\/2359\/revisions\/2372"}],"wp:featuredmedia":[{"embeddable":true,"href":"https:\/\/elzede.net\/acl\/wp-json\/wp\/v2\/media\/2356"}],"wp:attachment":[{"href":"https:\/\/elzede.net\/acl\/wp-json\/wp\/v2\/media?parent=2359"}],"curies":[{"name":"wp","href":"https:\/\/api.w.org\/{rel}","templated":true}]}}