{"id":2347,"date":"2024-02-03T17:56:16","date_gmt":"2024-02-03T16:56:16","guid":{"rendered":"https:\/\/elzede.net\/acl\/?page_id=2347"},"modified":"2024-02-03T18:06:51","modified_gmt":"2024-02-03T17:06:51","slug":"ag","status":"publish","type":"page","link":"https:\/\/elzede.net\/acl\/qui-sommes-nous\/ag\/","title":{"rendered":"Les Assembl\u00e9es G\u00e9n\u00e9rales de l&rsquo;association"},"content":{"rendered":"\n<p>Retrouvez ici le contenu des assembl\u00e9es g\u00e9n\u00e9rales de votre association.<\/p>\n\n\n\n<div data-wp-interactive=\"core\/file\" class=\"wp-block-file\"><object data-wp-bind--hidden=\"!state.hasPdfPreview\" hidden class=\"wp-block-file__embed\" data=\"https:\/\/elzede.net\/acl\/wp-content\/uploads\/2024\/02\/ACL-AG-2024-16-9.pdf\" type=\"application\/pdf\" style=\"width:100%;height:365px\" aria-label=\"Contenu embarqu\u00e9 ACL-AG-2024-16-9.\"><\/object><a id=\"wp-block-file--media-d0b536a9-3ea5-48b7-8df5-1cc748d3fa14\" href=\"https:\/\/elzede.net\/acl\/wp-content\/uploads\/2024\/02\/ACL-AG-2024-16-9.pdf\" target=\"_blank\" rel=\"noreferrer noopener\">ACL-AG-2024-16-9<\/a><a href=\"https:\/\/elzede.net\/acl\/wp-content\/uploads\/2024\/02\/ACL-AG-2024-16-9.pdf\" class=\"wp-block-file__button wp-element-button\" download aria-describedby=\"wp-block-file--media-d0b536a9-3ea5-48b7-8df5-1cc748d3fa14\">T\u00e9l\u00e9charger<\/a><\/div>\n\n\n\n<div data-wp-interactive=\"core\/file\" class=\"wp-block-file\"><object data-wp-bind--hidden=\"!state.hasPdfPreview\" hidden class=\"wp-block-file__embed\" data=\"https:\/\/elzede.net\/acl\/wp-content\/uploads\/2024\/02\/ACL-AG-2023-V1.0.pdf\" type=\"application\/pdf\" style=\"width:100%;height:475px\" aria-label=\"Contenu embarqu\u00e9 ACL-AG-2023-V1.0.\"><\/object><a id=\"wp-block-file--media-209b1812-19a3-4d2b-9f5c-8b1b18f7a0c0\" href=\"https:\/\/elzede.net\/acl\/wp-content\/uploads\/2024\/02\/ACL-AG-2023-V1.0.pdf\" target=\"_blank\" rel=\"noreferrer noopener\">ACL-AG-2023-V1.0<\/a><a href=\"https:\/\/elzede.net\/acl\/wp-content\/uploads\/2024\/02\/ACL-AG-2023-V1.0.pdf\" class=\"wp-block-file__button wp-element-button\" download aria-describedby=\"wp-block-file--media-209b1812-19a3-4d2b-9f5c-8b1b18f7a0c0\">T\u00e9l\u00e9charger<\/a><\/div>\n\n\n\n<div data-wp-interactive=\"core\/file\" class=\"wp-block-file\"><object data-wp-bind--hidden=\"!state.hasPdfPreview\" hidden class=\"wp-block-file__embed\" data=\"https:\/\/elzede.net\/acl\/wp-content\/uploads\/2024\/02\/ACL-AG-2022-V1.1-Decisions.pdf\" type=\"application\/pdf\" style=\"width:100%;height:511px\" aria-label=\"Contenu embarqu\u00e9 ACL-AG-2022-V1.1-Decisions.\"><\/object><a id=\"wp-block-file--media-bc17e600-7ec3-4d0e-bc80-8529a507fe85\" href=\"https:\/\/elzede.net\/acl\/wp-content\/uploads\/2024\/02\/ACL-AG-2022-V1.1-Decisions.pdf\" target=\"_blank\" rel=\"noreferrer noopener\">ACL-AG-2022-V1.1-Decisions<\/a><a href=\"https:\/\/elzede.net\/acl\/wp-content\/uploads\/2024\/02\/ACL-AG-2022-V1.1-Decisions.pdf\" class=\"wp-block-file__button wp-element-button\" download aria-describedby=\"wp-block-file--media-bc17e600-7ec3-4d0e-bc80-8529a507fe85\">T\u00e9l\u00e9charger<\/a><\/div>\n\n\n\n<div data-wp-interactive=\"core\/file\" class=\"wp-block-file\"><object data-wp-bind--hidden=\"!state.hasPdfPreview\" hidden class=\"wp-block-file__embed\" data=\"https:\/\/elzede.net\/acl\/wp-content\/uploads\/2024\/02\/ACL0062-AG-2020-21-v2.3.pdf\" type=\"application\/pdf\" style=\"width:100%;height:384px\" aria-label=\"Contenu embarqu\u00e9 ACL0062-AG-2020-21-v2.3.\"><\/object><a id=\"wp-block-file--media-ce27b39a-81ee-4c15-b5ac-8226096130e2\" href=\"https:\/\/elzede.net\/acl\/wp-content\/uploads\/2024\/02\/ACL0062-AG-2020-21-v2.3.pdf\" target=\"_blank\" rel=\"noreferrer noopener\">ACL0062-AG-2020-21-v2.3<\/a><a href=\"https:\/\/elzede.net\/acl\/wp-content\/uploads\/2024\/02\/ACL0062-AG-2020-21-v2.3.pdf\" class=\"wp-block-file__button wp-element-button\" download aria-describedby=\"wp-block-file--media-ce27b39a-81ee-4c15-b5ac-8226096130e2\">T\u00e9l\u00e9charger<\/a><\/div>\n","protected":false},"excerpt":{"rendered":"<p>Retrouvez ici le contenu des assembl\u00e9es g\u00e9n\u00e9rales de votre association.<\/p>\n","protected":false},"author":1,"featured_media":0,"parent":123,"menu_order":0,"comment_status":"closed","ping_status":"closed","template":"","meta":{"footnotes":""},"class_list":["post-2347","page","type-page","status-publish","hentry"],"_links":{"self":[{"href":"https:\/\/elzede.net\/acl\/wp-json\/wp\/v2\/pages\/2347","targetHints":{"allow":["GET"]}}],"collection":[{"href":"https:\/\/elzede.net\/acl\/wp-json\/wp\/v2\/pages"}],"about":[{"href":"https:\/\/elzede.net\/acl\/wp-json\/wp\/v2\/types\/page"}],"author":[{"embeddable":true,"href":"https:\/\/elzede.net\/acl\/wp-json\/wp\/v2\/users\/1"}],"replies":[{"embeddable":true,"href":"https:\/\/elzede.net\/acl\/wp-json\/wp\/v2\/comments?post=2347"}],"version-history":[{"count":2,"href":"https:\/\/elzede.net\/acl\/wp-json\/wp\/v2\/pages\/2347\/revisions"}],"predecessor-version":[{"id":2355,"href":"https:\/\/elzede.net\/acl\/wp-json\/wp\/v2\/pages\/2347\/revisions\/2355"}],"up":[{"embeddable":true,"href":"https:\/\/elzede.net\/acl\/wp-json\/wp\/v2\/pages\/123"}],"wp:attachment":[{"href":"https:\/\/elzede.net\/acl\/wp-json\/wp\/v2\/media?parent=2347"}],"curies":[{"name":"wp","href":"https:\/\/api.w.org\/{rel}","templated":true}]}}