{"id":2174,"date":"2023-10-20T11:01:18","date_gmt":"2023-10-20T09:01:18","guid":{"rendered":"https:\/\/elzede.net\/acl\/?page_id=2174"},"modified":"2023-10-27T16:38:53","modified_gmt":"2023-10-27T14:38:53","slug":"lse2023","status":"publish","type":"page","link":"https:\/\/elzede.net\/acl\/lse2023\/","title":{"rendered":"Lion sur Mer sous les \u00e9toiles"},"content":{"rendered":"\n<h2 class=\"wp-block-heading\">Un week-end d\u00e9di\u00e9 \u00e0 l&rsquo;espace et \u00e0 l&rsquo;astronomie<\/h2>\n\n\n\n<p>A l&rsquo;occasion du passage des L\u00e9onides,  Les Amis du Cin\u00e9ma de Lion ont concoct\u00e9 un week-end th\u00e9matique sur l&rsquo;espace, l&rsquo;astronomie et les \u00e9toiles.<\/p>\n\n\n\n<details> \n <summary>Les L\u00e9onides ou Delta L\u00e9onides&#8230; <\/summary>\n<p>  sont un essaim de m\u00e9t\u00e9oro\u00efdes ou m\u00e9t\u00e9ores associ\u00e9s, observables en novembre, dont le radiant est situ\u00e9 dans la constellation zodiacale du Lion2.\n\nLes L\u00e9onides sont caus\u00e9es par le passage de la Terre dans la tra\u00eene de poussi\u00e8res laiss\u00e9es sur sa trajectoire par la com\u00e8te Tempel-Tuttle qui a une p\u00e9riode de 33 ans<\/p>\n<\/details>\n\n\n\n<hr class=\"wp-block-separator has-text-color has-vivid-red-color has-alpha-channel-opacity has-vivid-red-background-color has-background is-style-wide\"\/>\n\n\n\n<div class=\"wp-block-columns is-layout-flex wp-container-core-columns-is-layout-9d6595d7 wp-block-columns-is-layout-flex\">\n<div class=\"wp-block-column is-layout-flow wp-block-column-is-layout-flow\">\n<h2 class=\"wp-block-heading\">Vendredi 17 novembre 20h30<\/h2>\n\n\n\n<p class=\"has-large-font-size\">L&rsquo;Astronaute<\/p>\n\n\n\n<details> \n <summary>Jim Desforges est ing\u00e9nieur en a\u00e9ronautique. Son projet secret&#8230; <\/summary>\n<p> son r\u00eave depuis longtemps : il tient \u00e0 construire sa propre fus\u00e9e1 et en faire \u00ab le premier vol spatial habit\u00e9 amateur de l&rsquo;histoire \u00bb<:p>\n<\/details>\n<\/div>\n\n\n\n<div class=\"wp-block-column is-layout-flow wp-block-column-is-layout-flow\">\n<figure class=\"wp-block-image size-full\"><img loading=\"lazy\" decoding=\"async\" width=\"212\" height=\"318\" src=\"https:\/\/elzede.net\/acl\/wp-content\/uploads\/2023\/10\/Astronaute.jpg\" alt=\"\" class=\"wp-image-2185\" srcset=\"https:\/\/elzede.net\/acl\/wp-content\/uploads\/2023\/10\/Astronaute.jpg 212w, https:\/\/elzede.net\/acl\/wp-content\/uploads\/2023\/10\/Astronaute-200x300.jpg 200w\" sizes=\"auto, (max-width: 212px) 100vw, 212px\" \/><\/figure>\n<\/div>\n<\/div>\n\n\n\n<hr class=\"wp-block-separator has-text-color has-vivid-red-color has-alpha-channel-opacity has-vivid-red-background-color has-background is-style-wide\"\/>\n\n\n\n<div class=\"wp-block-columns is-layout-flex wp-container-core-columns-is-layout-9d6595d7 wp-block-columns-is-layout-flex\">\n<div class=\"wp-block-column is-layout-flow wp-block-column-is-layout-flow\">\n<figure class=\"wp-block-image size-full\"><img loading=\"lazy\" decoding=\"async\" width=\"474\" height=\"341\" src=\"https:\/\/elzede.net\/acl\/wp-content\/uploads\/2023\/10\/ISS2.jpeg\" alt=\"\" class=\"wp-image-2196\" srcset=\"https:\/\/elzede.net\/acl\/wp-content\/uploads\/2023\/10\/ISS2.jpeg 474w, https:\/\/elzede.net\/acl\/wp-content\/uploads\/2023\/10\/ISS2-300x216.jpeg 300w\" sizes=\"auto, (max-width: 474px) 100vw, 474px\" \/><\/figure>\n\n\n\n<figure class=\"wp-block-image size-full\"><img loading=\"lazy\" decoding=\"async\" width=\"797\" height=\"531\" src=\"https:\/\/elzede.net\/acl\/wp-content\/uploads\/2023\/10\/7871c1_c82e9d7128124ffa8e00da1f987829e0mv2_d_6720_4480_s_4_2.jpg\" alt=\"\" class=\"wp-image-2201\" srcset=\"https:\/\/elzede.net\/acl\/wp-content\/uploads\/2023\/10\/7871c1_c82e9d7128124ffa8e00da1f987829e0mv2_d_6720_4480_s_4_2.jpg 797w, https:\/\/elzede.net\/acl\/wp-content\/uploads\/2023\/10\/7871c1_c82e9d7128124ffa8e00da1f987829e0mv2_d_6720_4480_s_4_2-300x200.jpg 300w, https:\/\/elzede.net\/acl\/wp-content\/uploads\/2023\/10\/7871c1_c82e9d7128124ffa8e00da1f987829e0mv2_d_6720_4480_s_4_2-768x512.jpg 768w\" sizes=\"auto, (max-width: 767px) 89vw, (max-width: 1000px) 54vw, (max-width: 1071px) 543px, 580px\" \/><\/figure>\n\n\n<div class=\"wp-block-image is-style-rounded\">\n<figure class=\"aligncenter size-full is-resized\"><img loading=\"lazy\" decoding=\"async\" width=\"797\" height=\"797\" src=\"https:\/\/elzede.net\/acl\/wp-content\/uploads\/2023\/10\/7871c1_eb57e7d2a1fb436b895807fab07e8e00mv2_d_1888_1890_s_2-1.jpg\" alt=\"\" class=\"wp-image-2202\" style=\"aspect-ratio:1;width:216px;height:auto\" srcset=\"https:\/\/elzede.net\/acl\/wp-content\/uploads\/2023\/10\/7871c1_eb57e7d2a1fb436b895807fab07e8e00mv2_d_1888_1890_s_2-1.jpg 797w, https:\/\/elzede.net\/acl\/wp-content\/uploads\/2023\/10\/7871c1_eb57e7d2a1fb436b895807fab07e8e00mv2_d_1888_1890_s_2-1-300x300.jpg 300w, https:\/\/elzede.net\/acl\/wp-content\/uploads\/2023\/10\/7871c1_eb57e7d2a1fb436b895807fab07e8e00mv2_d_1888_1890_s_2-1-150x150.jpg 150w, https:\/\/elzede.net\/acl\/wp-content\/uploads\/2023\/10\/7871c1_eb57e7d2a1fb436b895807fab07e8e00mv2_d_1888_1890_s_2-1-768x768.jpg 768w, https:\/\/elzede.net\/acl\/wp-content\/uploads\/2023\/10\/7871c1_eb57e7d2a1fb436b895807fab07e8e00mv2_d_1888_1890_s_2-1-100x100.jpg 100w\" sizes=\"auto, (max-width: 767px) 89vw, (max-width: 1000px) 54vw, (max-width: 1071px) 543px, 580px\" \/><\/figure>\n<\/div><\/div>\n\n\n\n<div class=\"wp-block-column is-layout-flow wp-block-column-is-layout-flow\">\n<h2 class=\"wp-block-heading\">Samedi 18 novembre<br>de  14h30 \u00e0 17h<\/h2>\n\n\n\n<p class=\"has-medium-font-size\">La Mission (en r\u00e9alit\u00e9 virtuelle)<br>de Pierre Emmanuel LE GOFF<\/p>\n\n\n\n<p>Un film documentaire et une exp\u00e9rience \u00e0 360\u00b0 qui fera vivre le d\u00e9collage de la fus\u00e9e Soyouz, l\u2019arrimage de la capsule \u00e0 la station spatiale le quotidien de la vie en gravit\u00e9 z\u00e9ro. Les spectateur.trices pourront admirer la Terre depuis la Coupole avant d\u2019effectuer une sortie extra v\u00e9hiculaire et un extraordinaire voyage dans le cosmos.<br><br><em>Un film soutenu par la R\u00e9gion Normandie en partenariat avec le CNC et en association avec Normandie Images.<\/em><br>Atelier  propos\u00e9 par MaCaO 7\u00e8me art.<\/p>\n\n\n\n<p>Nous pouvons accueillir cinq visiteurs \u00e0 chacune des sept sessions, soit trente-cinq visiteurs.<br>R\u00e9servez votre place <strong>gratuite<\/strong> (<a href=\"#lse-resa\">en suivant ce lien<\/a>)<\/p>\n<\/div>\n<\/div>\n\n\n\n<hr class=\"wp-block-separator has-text-color has-vivid-red-color has-alpha-channel-opacity has-vivid-red-background-color has-background is-style-wide\"\/>\n\n\n\n<div class=\"wp-block-columns is-layout-flex wp-container-core-columns-is-layout-9d6595d7 wp-block-columns-is-layout-flex\">\n<div class=\"wp-block-column is-layout-flow wp-block-column-is-layout-flow\">\n<h2 class=\"wp-block-heading\">Samedi 18 novembre &#8211; 17h30<\/h2>\n\n\n\n<p class=\"has-medium-font-size\"><strong>Lucien RUDAUX, l&rsquo;\u00e9clips\u00e9<\/strong><\/p>\n\n\n\n<p><em>Film suivi d&rsquo;\u00e9changes avec le r\u00e9alisateur Vincent POUCHAIN<\/em><\/p>\n\n\n\n<p>Lucien RUDAUX n\u00e9 en 1874 \u00e0 Caudebec-les-Elbeuf est un vulgarisateur fran\u00e7ais en astronomie.<br>A 18 ans il adh\u00e8re \u00e0 la Soci\u00e9t\u00e9 astronomique de France et \u00e0 20 ans il cr\u00e9e un observatoire astronomique \u00e0 Donville-les-Bains.<br>Oubli\u00e9 en France, ce normand est internationalement reconnu pour ses travaux.<br>Un crat\u00e8re de la plan\u00e8te Mars et l&rsquo;ast\u00e9ro\u00efde 3574 portent son nom.<\/p>\n<\/div>\n\n\n\n<div class=\"wp-block-column is-layout-flow wp-block-column-is-layout-flow\">\n<figure class=\"wp-block-image size-large\"><img loading=\"lazy\" decoding=\"async\" width=\"724\" height=\"1024\" src=\"https:\/\/elzede.net\/acl\/wp-content\/uploads\/2023\/10\/Lucien-Rudaux-Affiche-724x1024.jpg\" alt=\"\" class=\"wp-image-2187\" srcset=\"https:\/\/elzede.net\/acl\/wp-content\/uploads\/2023\/10\/Lucien-Rudaux-Affiche-724x1024.jpg 724w, https:\/\/elzede.net\/acl\/wp-content\/uploads\/2023\/10\/Lucien-Rudaux-Affiche-212x300.jpg 212w, https:\/\/elzede.net\/acl\/wp-content\/uploads\/2023\/10\/Lucien-Rudaux-Affiche-768x1086.jpg 768w, https:\/\/elzede.net\/acl\/wp-content\/uploads\/2023\/10\/Lucien-Rudaux-Affiche-1086x1536.jpg 1086w, https:\/\/elzede.net\/acl\/wp-content\/uploads\/2023\/10\/Lucien-Rudaux-Affiche-1448x2048.jpg 1448w, https:\/\/elzede.net\/acl\/wp-content\/uploads\/2023\/10\/Lucien-Rudaux-Affiche-scaled.jpg 1810w\" sizes=\"auto, (max-width: 724px) 100vw, 724px\" \/><\/figure>\n<\/div>\n<\/div>\n\n\n\n<hr class=\"wp-block-separator has-text-color has-vivid-red-color has-alpha-channel-opacity has-vivid-red-background-color has-background is-style-wide\"\/>\n\n\n\n<div class=\"wp-block-columns is-layout-flex wp-container-core-columns-is-layout-9d6595d7 wp-block-columns-is-layout-flex\">\n<div class=\"wp-block-column is-layout-flow wp-block-column-is-layout-flow\">\n<figure class=\"wp-block-image size-large\"><img loading=\"lazy\" decoding=\"async\" width=\"752\" height=\"1024\" src=\"https:\/\/elzede.net\/acl\/wp-content\/uploads\/2023\/10\/LFDP_cap_affiche-752x1024.jpg\" alt=\"\" class=\"wp-image-2184\" srcset=\"https:\/\/elzede.net\/acl\/wp-content\/uploads\/2023\/10\/LFDP_cap_affiche-752x1024.jpg 752w, https:\/\/elzede.net\/acl\/wp-content\/uploads\/2023\/10\/LFDP_cap_affiche-220x300.jpg 220w, https:\/\/elzede.net\/acl\/wp-content\/uploads\/2023\/10\/LFDP_cap_affiche-768x1046.jpg 768w, https:\/\/elzede.net\/acl\/wp-content\/uploads\/2023\/10\/LFDP_cap_affiche-1128x1536.jpg 1128w, https:\/\/elzede.net\/acl\/wp-content\/uploads\/2023\/10\/LFDP_cap_affiche-1504x2048.jpg 1504w, https:\/\/elzede.net\/acl\/wp-content\/uploads\/2023\/10\/LFDP_cap_affiche-scaled.jpg 1880w\" sizes=\"auto, (max-width: 706px) 89vw, (max-width: 767px) 82vw, 740px\" \/><\/figure>\n<\/div>\n\n\n\n<div class=\"wp-block-column is-layout-flow wp-block-column-is-layout-flow\">\n<h2 class=\"wp-block-heading\">Dimanche 19 novembre &#8211; 11h00<\/h2>\n\n\n\n<p class=\"has-large-font-size\">CAPITAINES !<\/p>\n\n\n\n<p>Film d&rsquo;animation d\u00e8s 6ans &#8211; pr\u00e9s \u00e0 10h30 d&rsquo;un petit d\u00e9j&rsquo;<\/p>\n\n\n\n<details> \n <summary>Du courage. C\u2019est ce qu\u2019il&#8230; <\/summary>\n<p>  faudra \u00e0 nos deux h\u00e9ro\u00efnes, pour briser les barri\u00e8res et avancer dans cette fabuleuse aventure qu\u2019est la vie !<\/p>\n\n<p><i> Film d&rsquo;animation d\u00e8s 6 ans<\/i><\/p>\n<\/details>\n<\/div>\n<\/div>\n\n\n\n<div class=\"wp-block-columns is-layout-flex wp-container-core-columns-is-layout-9d6595d7 wp-block-columns-is-layout-flex\">\n<div class=\"wp-block-column is-layout-flow wp-block-column-is-layout-flow\">\n<h2 class=\"wp-block-heading\">Dimanche 19 novembre &#8211;  20h30<\/h2>\n\n\n\n<p class=\"has-large-font-size\">Gagarine<\/p>\n\n\n\n<details> \n <summary>Youri, 16 ans, vit dans la cit\u00e9 Gagarine&#8230; <\/summary>\n<p> \u00e0 Ivry-sur-Seine. Il apprend que son immeuble est menac\u00e9 de d\u00e9molition, et, pour cette raison, il va tout faire pour le sauver \u00e0 l&rsquo;aide de ses amis Diana, Houssam et les habitants. Il nomme sa mission \u00ab Vaisseau spatial \u00bb parce que son r\u00eave est de devenir cosmonaute<\/p>\n<\/details>\n<\/div>\n\n\n\n<div class=\"wp-block-column is-layout-flow wp-block-column-is-layout-flow\">\n<figure class=\"wp-block-image size-full\"><img loading=\"lazy\" decoding=\"async\" width=\"500\" height=\"667\" src=\"https:\/\/elzede.net\/acl\/wp-content\/uploads\/2023\/10\/gagarine-affiche.jpg\" alt=\"\" class=\"wp-image-2183\" srcset=\"https:\/\/elzede.net\/acl\/wp-content\/uploads\/2023\/10\/gagarine-affiche.jpg 500w, https:\/\/elzede.net\/acl\/wp-content\/uploads\/2023\/10\/gagarine-affiche-225x300.jpg 225w\" sizes=\"auto, (max-width: 500px) 100vw, 500px\" \/><\/figure>\n<\/div>\n<\/div>\n\n\n\n<hr class=\"wp-block-separator has-text-color has-vivid-red-color has-alpha-channel-opacity has-vivid-red-background-color has-background is-style-wide\"\/>\n\n\n\n<h4 class=\"wp-block-heading has-text-align-center\" id=\"lse-resa\">R\u00e9server une des trente-cinq places pour visiter l&rsquo;ISS<\/h4>\n\n\n\n<p class=\"has-text-align-center has-vivid-red-color has-text-color\"><em>Faites d\u00e9filer pour voir tous les horaires (7 sessions)<\/em><\/p>\n\n\n\n<iframe id=\"haWidget\" allowtransparency=\"true\" scrolling=\"auto\" src=\"https:\/\/www.helloasso.com\/associations\/les-amis-du-cinema-de-lion\/evenements\/visite-en-realite-virtuelle-de-la-station-spatiale-internationale\/widget\" style=\"width: 100%; height: 750px; border: none;\"><\/iframe>\n","protected":false},"excerpt":{"rendered":"<p>Un week-end d\u00e9di\u00e9 \u00e0 l&rsquo;espace et \u00e0 l&rsquo;astronomie A l&rsquo;occasion du passage des L\u00e9onides, Les Amis du Cin\u00e9ma de Lion ont concoct\u00e9 un week-end th\u00e9matique sur l&rsquo;espace, l&rsquo;astronomie et les \u00e9toiles. Les L\u00e9onides ou Delta L\u00e9onides&#8230; sont un essaim de m\u00e9t\u00e9oro\u00efdes ou m\u00e9t\u00e9ores associ\u00e9s, observables en novembre, dont le radiant est situ\u00e9 dans la constellation &hellip; <\/p>\n<p class=\"link-more\"><a href=\"https:\/\/elzede.net\/acl\/lse2023\/\" class=\"more-link\">Continuer la lecture<span class=\"screen-reader-text\"> de &laquo;&nbsp;Lion sur Mer sous les \u00e9toiles&nbsp;&raquo;<\/span><\/a><\/p>\n","protected":false},"author":1,"featured_media":0,"parent":0,"menu_order":0,"comment_status":"closed","ping_status":"closed","template":"","meta":{"footnotes":""},"class_list":["post-2174","page","type-page","status-publish","hentry"],"_links":{"self":[{"href":"https:\/\/elzede.net\/acl\/wp-json\/wp\/v2\/pages\/2174","targetHints":{"allow":["GET"]}}],"collection":[{"href":"https:\/\/elzede.net\/acl\/wp-json\/wp\/v2\/pages"}],"about":[{"href":"https:\/\/elzede.net\/acl\/wp-json\/wp\/v2\/types\/page"}],"author":[{"embeddable":true,"href":"https:\/\/elzede.net\/acl\/wp-json\/wp\/v2\/users\/1"}],"replies":[{"embeddable":true,"href":"https:\/\/elzede.net\/acl\/wp-json\/wp\/v2\/comments?post=2174"}],"version-history":[{"count":13,"href":"https:\/\/elzede.net\/acl\/wp-json\/wp\/v2\/pages\/2174\/revisions"}],"predecessor-version":[{"id":2210,"href":"https:\/\/elzede.net\/acl\/wp-json\/wp\/v2\/pages\/2174\/revisions\/2210"}],"wp:attachment":[{"href":"https:\/\/elzede.net\/acl\/wp-json\/wp\/v2\/media?parent=2174"}],"curies":[{"name":"wp","href":"https:\/\/api.w.org\/{rel}","templated":true}]}}