{"id":1869,"date":"2023-05-15T17:20:57","date_gmt":"2023-05-15T15:20:57","guid":{"rendered":"https:\/\/elzede.net\/acl\/?page_id=1869"},"modified":"2023-06-06T15:04:35","modified_gmt":"2023-06-06T13:04:35","slug":"samedifferent230610","status":"publish","type":"page","link":"https:\/\/elzede.net\/acl\/samedifferent230610\/","title":{"rendered":"Samedi&rsquo;ff\u00e9rent : Mauvaises Filles et Petites"},"content":{"rendered":"\n<h2 class=\"wp-block-heading has-text-align-center\"><strong>Un Samedi&rsquo;ff\u00e9rent<\/strong><\/h2>\n\n\n\n<p class=\"has-text-align-center\"><em>pour ne pas rester indiff\u00e9rents<\/em><\/p>\n\n\n\n<p>Deux projections, deux horaires, deux \u00e9poques, deux angles de vue sur ce que vivent ou ont v\u00e9cu des jeunes filles et des jeunes femmes en difficult\u00e9.<\/p>\n\n\n\n<p>La seconde s\u00e9ance vous offrira le plaisir de venir \u00e9changer avec Julie LERAT-GERSANT la r\u00e9alisatrice de PETITES.<br> Pour m\u00e9moire, ce film a \u00e9t\u00e9 tourn\u00e9 entre Cherbourg, Bayeux et Caen.<\/p>\n\n\n\n<div class=\"wp-block-columns is-layout-flex wp-container-core-columns-is-layout-9d6595d7 wp-block-columns-is-layout-flex\">\n<div class=\"wp-block-column is-vertically-aligned-center is-layout-flow wp-block-column-is-layout-flow\" style=\"flex-basis:33.33%\">\n<p class=\"has-drop-cap\"><strong>Samedi 10 juin<\/strong><br><strong>14h30<\/strong><\/p>\n<\/div>\n\n\n\n<div class=\"wp-block-column is-layout-flow wp-block-column-is-layout-flow\" style=\"flex-basis:66.66%\">\n<div class=\"wp-block-media-text alignwide is-stacked-on-mobile\"><figure class=\"wp-block-media-text__media\"><img loading=\"lazy\" decoding=\"async\" width=\"749\" height=\"1024\" src=\"https:\/\/elzede.net\/acl\/wp-content\/uploads\/2023\/06\/MauvaisesFilles-749x1024.jpg\" alt=\"\" class=\"wp-image-1904 size-full\" srcset=\"https:\/\/elzede.net\/acl\/wp-content\/uploads\/2023\/06\/MauvaisesFilles-749x1024.jpg 749w, https:\/\/elzede.net\/acl\/wp-content\/uploads\/2023\/06\/MauvaisesFilles-220x300.jpg 220w, https:\/\/elzede.net\/acl\/wp-content\/uploads\/2023\/06\/MauvaisesFilles-768x1049.jpg 768w, https:\/\/elzede.net\/acl\/wp-content\/uploads\/2023\/06\/MauvaisesFilles-1124x1536.jpg 1124w, https:\/\/elzede.net\/acl\/wp-content\/uploads\/2023\/06\/MauvaisesFilles-1499x2048.jpg 1499w, https:\/\/elzede.net\/acl\/wp-content\/uploads\/2023\/06\/MauvaisesFilles-scaled.jpg 1873w\" sizes=\"auto, (max-width: 706px) 89vw, (max-width: 767px) 82vw, 740px\" \/><\/figure><div class=\"wp-block-media-text__content\">\n<p class=\"has-small-font-size\"><strong>MAUVAISES FILLES <\/strong>, d&rsquo;Em\u00e9rance DUBAS<br><em>Documentaire Fran\u00e7ais, 2022, 1h11<\/em> <br><br>Insoumises, rebelles, incomprises ou simplement mal-aim\u00e9es. Comme tant d\u2019autres femmes, \u00c9dith, Mich\u00e8le, \u00c9veline et Fabienne ont \u00e9t\u00e9 plac\u00e9es en maison de correction \u00e0 l\u2019adolescence.&nbsp;<br>Aujourd\u2019hui, port\u00e9e par une incroyable force de vie, chacune raconte son histoire et r\u00e9v\u00e8le le sort bouleversant r\u00e9serv\u00e9 \u00e0 ces \u00ab Mauvaises Filles \u00bb jusqu\u2019\u00e0 la fin des ann\u00e9es 1970 en France.<\/p>\n<\/div><\/div>\n<\/div>\n<\/div>\n\n\n\n<div class=\"wp-block-columns is-layout-flex wp-container-core-columns-is-layout-9d6595d7 wp-block-columns-is-layout-flex\">\n<div class=\"wp-block-column is-vertically-aligned-center is-layout-flow wp-block-column-is-layout-flow\" style=\"flex-basis:33.33%\">\n<p class=\"has-drop-cap\"><strong>Samedi 10 juin<\/strong><br><strong>20h30<\/strong><\/p>\n\n\n\n<p class=\"has-drop-cap\">En pr\u00e9sence de la r\u00e9alisatrice Julie LERAT-GERSANT et Fran\u00e7ois ROY<br><strong>Projection suivie d&rsquo;\u00e9changes<\/strong><\/p>\n<\/div>\n\n\n\n<div class=\"wp-block-column is-layout-flow wp-block-column-is-layout-flow\" style=\"flex-basis:66.66%\">\n<div class=\"wp-block-media-text alignwide has-media-on-the-right is-stacked-on-mobile\"><div class=\"wp-block-media-text__content\">\n<p class=\"has-small-font-size\"><strong>PETITES<\/strong>, Fran\u00e7ais, 2023, 1h30<br>De Julie LERAT-GERSANT &amp; FRANCOIS ROY<br>avec Pili GROYNE, Romane BOHRINGER<br>Enceinte \u00e0 16 ans, Camille se retrouve plac\u00e9e dans un centre maternel par le juge des enfants. Sevr\u00e9e d\u2019une m\u00e8re aimante mais toxique, elle se lie d\u2019amiti\u00e9 avec Alison, jeune m\u00e8re immature, et se d\u00e9bat contre l\u2019autorit\u00e9 de Nadine, une \u00e9ducatrice aussi passionn\u00e9e que d\u00e9sillusionn\u00e9e. Ces rencontres vont bouleverser son destin\u2026<\/p>\n<\/div><figure class=\"wp-block-media-text__media\"><img loading=\"lazy\" decoding=\"async\" width=\"250\" height=\"345\" src=\"https:\/\/elzede.net\/acl\/wp-content\/uploads\/2023\/05\/9d89e364d017b1b65f9574c95812c99d686b4231-250x345-232764816.jpeg\" alt=\"\" class=\"wp-image-1857 size-full\" srcset=\"https:\/\/elzede.net\/acl\/wp-content\/uploads\/2023\/05\/9d89e364d017b1b65f9574c95812c99d686b4231-250x345-232764816.jpeg 250w, https:\/\/elzede.net\/acl\/wp-content\/uploads\/2023\/05\/9d89e364d017b1b65f9574c95812c99d686b4231-250x345-232764816-217x300.jpeg 217w\" sizes=\"auto, (max-width: 250px) 100vw, 250px\" \/><\/figure><\/div>\n<\/div>\n<\/div>\n","protected":false},"excerpt":{"rendered":"<p>Un Samedi&rsquo;ff\u00e9rent pour ne pas rester indiff\u00e9rents Deux projections, deux horaires, deux \u00e9poques, deux angles de vue sur ce que vivent ou ont v\u00e9cu des jeunes filles et des jeunes femmes en difficult\u00e9. La seconde s\u00e9ance vous offrira le plaisir de venir \u00e9changer avec Julie LERAT-GERSANT la r\u00e9alisatrice de PETITES. Pour m\u00e9moire, ce film a &hellip; <\/p>\n<p class=\"link-more\"><a href=\"https:\/\/elzede.net\/acl\/samedifferent230610\/\" class=\"more-link\">Continuer la lecture<span class=\"screen-reader-text\"> de &laquo;&nbsp;Samedi&rsquo;ff\u00e9rent : Mauvaises Filles et Petites&nbsp;&raquo;<\/span><\/a><\/p>\n","protected":false},"author":1,"featured_media":1856,"parent":0,"menu_order":0,"comment_status":"closed","ping_status":"closed","template":"","meta":{"footnotes":""},"class_list":["post-1869","page","type-page","status-publish","has-post-thumbnail","hentry"],"_links":{"self":[{"href":"https:\/\/elzede.net\/acl\/wp-json\/wp\/v2\/pages\/1869","targetHints":{"allow":["GET"]}}],"collection":[{"href":"https:\/\/elzede.net\/acl\/wp-json\/wp\/v2\/pages"}],"about":[{"href":"https:\/\/elzede.net\/acl\/wp-json\/wp\/v2\/types\/page"}],"author":[{"embeddable":true,"href":"https:\/\/elzede.net\/acl\/wp-json\/wp\/v2\/users\/1"}],"replies":[{"embeddable":true,"href":"https:\/\/elzede.net\/acl\/wp-json\/wp\/v2\/comments?post=1869"}],"version-history":[{"count":3,"href":"https:\/\/elzede.net\/acl\/wp-json\/wp\/v2\/pages\/1869\/revisions"}],"predecessor-version":[{"id":1905,"href":"https:\/\/elzede.net\/acl\/wp-json\/wp\/v2\/pages\/1869\/revisions\/1905"}],"wp:featuredmedia":[{"embeddable":true,"href":"https:\/\/elzede.net\/acl\/wp-json\/wp\/v2\/media\/1856"}],"wp:attachment":[{"href":"https:\/\/elzede.net\/acl\/wp-json\/wp\/v2\/media?parent=1869"}],"curies":[{"name":"wp","href":"https:\/\/api.w.org\/{rel}","templated":true}]}}