{"id":1302,"date":"2022-09-27T15:46:36","date_gmt":"2022-09-27T13:46:36","guid":{"rendered":"https:\/\/elzede.net\/acl\/?page_id=1302"},"modified":"2022-10-01T17:27:18","modified_gmt":"2022-10-01T15:27:18","slug":"hommage-a-bourvil","status":"publish","type":"page","link":"https:\/\/elzede.net\/acl\/hommage-a-bourvil\/","title":{"rendered":"Hommage \u00e0 Bourvil"},"content":{"rendered":"\n<p id=\"bourvil-top\">Les Amis du Cin\u00e9ma de Lion vous proposent dans le cadre d&rsquo;un \u00e9v\u00e9nement annuel consacr\u00e9 aux tr\u00e9sors immat\u00e9riels de la Normandie de rendre hommage cette ann\u00e9e, \u00e0 Andr\u00e9 Raimbourg plus connu sous le nom de BOURVIL, acteur, chanteur et humoriste.<br>A travers quatre films vous (re-)d\u00e9couvrirez quatre facettes d&rsquo;un acteur qui pouvait tout jouer. Notre petite s\u00e9lection englobe le rire, l&rsquo;action, l&rsquo;\u00e9motion et le film noir.<br>Pour retrouver BOURVIL chanteur, nous avons fait appel \u00e0 un duo d&rsquo;artistes qui n&rsquo;h\u00e9siteront pas \u00e0 vous faire chanter (sans aucune menace \ud83d\ude09 ) certains des airs les plus connus. Vous d\u00e9couvrirez aussi des chansons moins connues ou trop vite oubli\u00e9es dans un r\u00e9pertoire de pr\u00e8s de trois cents chansons.<br><br>Vous trouverez ci-dessous toutes les informations relatives \u00e0 cet \u00e9v\u00e9nement.<\/p>\n\n\n\n<p><a href=\"#bourvil-films\">Les films s\u00e9lectionn\u00e9s<\/a><br><a href=\"#bourvil-concert\">Le concert<\/a><br><a href=\"#bourvil-timetable\">Le calendrier<\/a><br><a href=\"#bourvil-tarifs\">Le tarif<\/a><\/p>\n\n\n\n<h2 class=\"wp-block-heading\" id=\"bourvil-films\">Les films s\u00e9lectionn\u00e9s<\/h2>\n\n\n\n<div class=\"wp-block-columns is-layout-flex wp-container-core-columns-is-layout-9d6595d7 wp-block-columns-is-layout-flex\">\n<div class=\"wp-block-column is-layout-flow wp-block-column-is-layout-flow\">\n<h4 class=\"wp-block-heading\"><strong>La cit\u00e9 de l&rsquo;indicible peur<\/strong><\/h4>\n\n\n\n<figure class=\"wp-block-image size-full\"><img loading=\"lazy\" decoding=\"async\" width=\"700\" height=\"506\" src=\"https:\/\/elzede.net\/acl\/wp-content\/uploads\/2022\/09\/Indiciblepeur.jpg\" alt=\"\" class=\"wp-image-1313\" srcset=\"https:\/\/elzede.net\/acl\/wp-content\/uploads\/2022\/09\/Indiciblepeur.jpg 700w, https:\/\/elzede.net\/acl\/wp-content\/uploads\/2022\/09\/Indiciblepeur-300x217.jpg 300w\" sizes=\"auto, (max-width: 700px) 100vw, 700px\" \/><\/figure>\n\n\n\n<p>Film de Jean-Pierre MOCKY (1964) Noir et blanc &#8211; 90 mn &#8211; Dialogues de Raymond QUENEAU &#8211; Musique de G\u00e9rard CALVI<br>La distribution est emmen\u00e9e par BOURVIL, Francis BLANCHE, Jean-Louis BARRAULT, Jacques DUFILHO, Victor FRANCEN, Ren\u00e9-Louis LAFFORGUE, Jean POIRET, Raymond ROULEAU.. <\/p>\n\n\n\n<p><em>\u00c0 la suite d&rsquo;une panne de la&nbsp;guillotine, Mickey le b\u00e9n\u00e9dictin, un faux-monnayeur condamn\u00e9 \u00e0 mort, parvient \u00e0 s&rsquo;\u00e9chapper. Les inspecteurs Triquet et Virgus se lancent \u00e0 sa poursuite. Partant du principe qu&rsquo;un malfaiteur revient toujours sur les lieux de son crime, Triquet se retrouve \u00e0 Barges (Cantal) pour enqu\u00eater&#8230;<\/em><\/p>\n<\/div>\n<\/div>\n\n\n\n<div class=\"wp-block-columns is-layout-flex wp-container-core-columns-is-layout-9d6595d7 wp-block-columns-is-layout-flex\">\n<div class=\"wp-block-column is-layout-flow wp-block-column-is-layout-flow\">\n<h4 class=\"wp-block-heading\">Le Capitan<\/h4>\n\n\n\n<figure class=\"wp-block-image size-full\"><img loading=\"lazy\" decoding=\"async\" width=\"1000\" height=\"457\" src=\"https:\/\/elzede.net\/acl\/wp-content\/uploads\/2022\/09\/le-capitan.jpg\" alt=\"\" class=\"wp-image-1314\" srcset=\"https:\/\/elzede.net\/acl\/wp-content\/uploads\/2022\/09\/le-capitan.jpg 1000w, https:\/\/elzede.net\/acl\/wp-content\/uploads\/2022\/09\/le-capitan-300x137.jpg 300w, https:\/\/elzede.net\/acl\/wp-content\/uploads\/2022\/09\/le-capitan-768x351.jpg 768w\" sizes=\"auto, (max-width: 767px) 89vw, (max-width: 1000px) 54vw, (max-width: 1071px) 543px, 580px\" \/><\/figure>\n\n\n\n<p>Film d&rsquo;Andr\u00e9 HUNEBELLE (1960) Couleurs &#8211; 101 mn &#8211; d&rsquo;apr\u00e8s le roman de Michel ZEVACO &#8211; Dialogues de Jean HALAIN &#8211; Musique de Jean MARION<br>Distribution : Jean MARAIS, BOURVIL, Elsa MARTINELLI, Pierrette BRUNO, &#8230; Dominique PATUREL, Jacques &amp; Paul PREBOIST&#8230;<\/p>\n\n\n\n<p><em>Louis&nbsp;XIII&nbsp;vient de passer l&rsquo;\u00e2ge de la majorit\u00e9, mais sa m\u00e8re Marie de M\u00e9dicis continue de gouverner le royaume avec son favori Concini, premier ministre, qui conspire pour \u00e9liminer le souverain et s\u00e8me la terreur dans le pays. Une conjuration de grands seigneurs vise \u00e0 chasser Concini et \u00e0 remplacer le roi d\u00e9faillant par le duc Charles d&rsquo;Angoul\u00eame. Le chevalier Fran\u00e7ois de Capestang, qui a \u00e9t\u00e9 sauv\u00e9 dans un combat par Gis\u00e8le d&rsquo;Angoul\u00eame, est d\u00e9cid\u00e9 \u00e0 se battre pour faire triompher la justice et sauver la couronne de son roi, ainsi que la vie de Gis\u00e8le. Il part pour Paris pr\u00e9senter les remontrances de la noblesse de sa province.<\/em><\/p>\n<\/div>\n<\/div>\n\n\n\n<div class=\"wp-block-columns is-layout-flex wp-container-core-columns-is-layout-9d6595d7 wp-block-columns-is-layout-flex\">\n<div class=\"wp-block-column is-layout-flow wp-block-column-is-layout-flow\">\n<h4 class=\"wp-block-heading\">Le cercle rouge<\/h4>\n\n\n\n<figure class=\"wp-block-image size-large\"><img loading=\"lazy\" decoding=\"async\" width=\"1024\" height=\"581\" src=\"https:\/\/elzede.net\/acl\/wp-content\/uploads\/2022\/09\/cerclerouge-1024x581.jpg\" alt=\"\" class=\"wp-image-1315\" srcset=\"https:\/\/elzede.net\/acl\/wp-content\/uploads\/2022\/09\/cerclerouge-1024x581.jpg 1024w, https:\/\/elzede.net\/acl\/wp-content\/uploads\/2022\/09\/cerclerouge-300x170.jpg 300w, https:\/\/elzede.net\/acl\/wp-content\/uploads\/2022\/09\/cerclerouge-768x436.jpg 768w, https:\/\/elzede.net\/acl\/wp-content\/uploads\/2022\/09\/cerclerouge-1536x872.jpg 1536w, https:\/\/elzede.net\/acl\/wp-content\/uploads\/2022\/09\/cerclerouge.jpg 1920w\" sizes=\"auto, (max-width: 767px) 89vw, (max-width: 1000px) 54vw, (max-width: 1071px) 543px, 580px\" \/><\/figure>\n\n\n\n<p>Film de Jean-Pierre MELVILLE (1970) Couleurs &#8211; 140mn &#8211; Sc\u00e9nario de Jean-Pierre MELVILLE<br>Distribution \u00e9poustouflante : Alain DELON, BOURVIL, Gian Maria VOLONTE, Yves MONTAND, Paul CRAUCHET, &#8230; Fran\u00e7ois PERIER, Mireille DARC<\/p>\n\n\n\n<p><em>Le commissaire Mattei, de la brigade criminelle, est charg\u00e9 de convoyer le d\u00e9tenu Vogel dans le train de nuit reliant Marseille \u00e0 Paris. Malgr\u00e9 toutes les pr\u00e9cautions prises, ce dernier parvient \u00e0 s\u2019\u00e9vader en pleine campagne. Au m\u00eame moment, un homme nomm\u00e9 Corey sort de prison apr\u00e8s cinq ann\u00e9es de d\u00e9tention. Il d\u00e9cide de se rendre \u00e0 Paris car l\u2019un des gardiens lui a parl\u00e9 d\u2019un coup \u00e0 faire dans une bijouterie place Vend\u00f4me. Alors que Corey fait une halte dans un restaurant, Vogel trouve refuge dans le coffre de sa voiture. Le conducteur le rep\u00e8re et les deux hommes font connaissance. Ensemble, ils vont \u0153uvrer sur le casse, bient\u00f4t rejoints par Jansen, un ancien flic devenu criminel&#8230;<\/em><\/p>\n<\/div>\n<\/div>\n\n\n\n<div class=\"wp-block-columns is-layout-flex wp-container-core-columns-is-layout-9d6595d7 wp-block-columns-is-layout-flex\">\n<div class=\"wp-block-column is-layout-flow wp-block-column-is-layout-flow\">\n<h4 class=\"wp-block-heading\"><strong>La travers\u00e9e de Paris<\/strong><\/h4>\n\n\n\n<figure class=\"wp-block-image size-full\"><img loading=\"lazy\" decoding=\"async\" width=\"600\" height=\"400\" src=\"https:\/\/elzede.net\/acl\/wp-content\/uploads\/2022\/09\/TraverseeParis.jpg\" alt=\"\" class=\"wp-image-1316\" srcset=\"https:\/\/elzede.net\/acl\/wp-content\/uploads\/2022\/09\/TraverseeParis.jpg 600w, https:\/\/elzede.net\/acl\/wp-content\/uploads\/2022\/09\/TraverseeParis-300x200.jpg 300w\" sizes=\"auto, (max-width: 600px) 100vw, 600px\" \/><\/figure>\n\n\n\n<p>Film de Claude AUTANT-LARA (1956) Noir et Blanc &#8211; 80 mn &#8211; d&rsquo;apr\u00e8s Marcel AYME &#8211; Sc\u00e9nario de Jean AURENCHE et Pierre BOST &#8211; Musique de Ren\u00e9 CLOEREC<br>Distribution : Jean GABIN, BOURVIL, Louis de FUNES, &#8230;<\/p>\n\n\n\n<p class=\"has-small-font-size\"><strong>Ce film rapporta \u00e0 BOURVIL  le Prix Volpi du Meilleur acteur \u00e0 la Mostra de Venise 1956<\/strong><\/p>\n\n\n\n<p><em>Sous l&rsquo;Occupation, Martin, brave homme au ch\u00f4mage, doit convoyer \u00e0 l&rsquo;autre bout de Paris quatre valises pleines de porc. Son acolyte habituel ayant \u00e9t\u00e9 arr\u00eat\u00e9, il fait appel \u00e0 un inconnu, Grandgil. Mais celui-ci se r\u00e9v\u00e8le vite incontr\u00f4lable et le trajet p\u00e9rilleux. Au terme de leur p\u00e9riple, Martin d\u00e9couvrira que Grandgil est un peintre connu qui s&rsquo;est offert le luxe d&rsquo;une petite aventure. <\/em><\/p>\n<\/div>\n<\/div>\n\n\n\n<div class=\"wp-block-buttons is-content-justification-right is-layout-flex wp-container-core-buttons-is-layout-765c4724 wp-block-buttons-is-layout-flex\">\n<div class=\"wp-block-button is-style-outline is-style-outline--1\"><a class=\"wp-block-button__link has-vivid-cyan-blue-color has-white-background-color has-text-color has-background\" href=\"#bourvil-top\" style=\"border-radius:24px\">Retour en haut<\/a><\/div>\n<\/div>\n\n\n\n<h2 class=\"wp-block-heading\" id=\"bourvil-concert\">Le concert<\/h2>\n\n\n\n<div class=\"wp-block-columns is-layout-flex wp-container-core-columns-is-layout-9d6595d7 wp-block-columns-is-layout-flex\">\n<div class=\"wp-block-column is-layout-flow wp-block-column-is-layout-flow\">\n<p>En hommage \u00e0 Bourvil <br>Concert avec Dominique Achille (Piano) et Corinne Le Bars (Voix)<\/p>\n\n\n\n<p>Venez d\u00e9couvrir, red\u00e9couvrir quelques-unes  des chansons de Bourvil et chantons tous ensemble les plus connues<\/p>\n<\/div>\n\n\n\n<div class=\"wp-block-column is-layout-flow wp-block-column-is-layout-flow\">\n<figure class=\"wp-block-image size-large\"><img loading=\"lazy\" decoding=\"async\" width=\"724\" height=\"1024\" src=\"https:\/\/elzede.net\/acl\/wp-content\/uploads\/2022\/10\/Affiche-JPG-Bourvil-pour-sms-724x1024.jpg\" alt=\"\" class=\"wp-image-1323\" srcset=\"https:\/\/elzede.net\/acl\/wp-content\/uploads\/2022\/10\/Affiche-JPG-Bourvil-pour-sms-724x1024.jpg 724w, https:\/\/elzede.net\/acl\/wp-content\/uploads\/2022\/10\/Affiche-JPG-Bourvil-pour-sms-212x300.jpg 212w, https:\/\/elzede.net\/acl\/wp-content\/uploads\/2022\/10\/Affiche-JPG-Bourvil-pour-sms-768x1086.jpg 768w, https:\/\/elzede.net\/acl\/wp-content\/uploads\/2022\/10\/Affiche-JPG-Bourvil-pour-sms-1086x1536.jpg 1086w, https:\/\/elzede.net\/acl\/wp-content\/uploads\/2022\/10\/Affiche-JPG-Bourvil-pour-sms-1448x2048.jpg 1448w, https:\/\/elzede.net\/acl\/wp-content\/uploads\/2022\/10\/Affiche-JPG-Bourvil-pour-sms.jpg 1587w\" sizes=\"auto, (max-width: 724px) 100vw, 724px\" \/><\/figure>\n<\/div>\n<\/div>\n\n\n\n<div class=\"wp-block-buttons is-horizontal is-content-justification-right is-layout-flex wp-container-core-buttons-is-layout-ae2fe186 wp-block-buttons-is-layout-flex\">\n<div class=\"wp-block-button is-style-outline is-style-outline--2\"><a class=\"wp-block-button__link has-vivid-cyan-blue-color has-white-background-color has-text-color has-background\" href=\"#bourvil-top\" style=\"border-radius:24px\">Retour en haut<\/a><\/div>\n<\/div>\n\n\n\n<h2 class=\"wp-block-heading\" id=\"bourvil-timetable\">Le calendrier<\/h2>\n\n\n\n<ul class=\"wp-block-list\"><li>La cit\u00e9 de l&rsquo;indicible peur &#8211; vendredi 14 octobre &#8211; 20h30<\/li><li>Le capitan &#8211; samedi 15 octobre &#8211; 10h<\/li><li>Le concert&nbsp;\u00ab&nbsp;Hommage \u00e0 Bourvil&nbsp;\u00bb &#8211; samedi 15 octobre &#8211; 16h30 <\/li><li>Le cercle rouge &#8211; samedi 15 octobre &#8211; 20h30<\/li><li>La travers\u00e9e de Paris &nbsp;&#8211; dimanche 16 octobre &#8211; 17h<\/li><\/ul>\n\n\n\n<div class=\"wp-block-buttons is-content-justification-right is-layout-flex wp-container-core-buttons-is-layout-765c4724 wp-block-buttons-is-layout-flex\">\n<div class=\"wp-block-button is-style-outline is-style-outline--3\"><a class=\"wp-block-button__link has-vivid-cyan-blue-color has-white-background-color has-text-color has-background\" href=\"#bourvil-top\" style=\"border-radius:24px\">Retour en haut<\/a><\/div>\n<\/div>\n\n\n\n<h2 class=\"wp-block-heading\" id=\"bourvil-tarifs\">Les Tarifs<\/h2>\n\n\n\n<p>Tarifs habituels pour les s\u00e9ance de cin\u00e9ma  5\u20ac l&rsquo;unit\u00e9 &#8211; 40\u20ac le carnet de dix places<br><br>Le Capitan (samedi matin) 2\u20ac la place pour les scolaires de LION SUR MER<br><br>Le concert est \u00ab\u00a0Au Chapeau\u00a0\u00bb !<\/p>\n\n\n\n<div class=\"wp-block-buttons is-content-justification-right is-layout-flex wp-container-core-buttons-is-layout-765c4724 wp-block-buttons-is-layout-flex\">\n<div class=\"wp-block-button is-style-outline is-style-outline--4\"><a class=\"wp-block-button__link has-vivid-cyan-blue-color has-white-background-color has-text-color has-background\" href=\"#bourvil-top\" style=\"border-radius:24px\">Retour en haut<\/a><\/div>\n<\/div>\n","protected":false},"excerpt":{"rendered":"<p>Les Amis du Cin\u00e9ma de Lion vous proposent dans le cadre d&rsquo;un \u00e9v\u00e9nement annuel consacr\u00e9 aux tr\u00e9sors immat\u00e9riels de la Normandie de rendre hommage cette ann\u00e9e, \u00e0 Andr\u00e9 Raimbourg plus connu sous le nom de BOURVIL, acteur, chanteur et humoriste.A travers quatre films vous (re-)d\u00e9couvrirez quatre facettes d&rsquo;un acteur qui pouvait tout jouer. Notre petite &hellip; <\/p>\n<p class=\"link-more\"><a href=\"https:\/\/elzede.net\/acl\/hommage-a-bourvil\/\" class=\"more-link\">Continuer la lecture<span class=\"screen-reader-text\"> de &laquo;&nbsp;Hommage \u00e0 Bourvil&nbsp;&raquo;<\/span><\/a><\/p>\n","protected":false},"author":1,"featured_media":1321,"parent":0,"menu_order":0,"comment_status":"closed","ping_status":"closed","template":"","meta":{"footnotes":""},"class_list":["post-1302","page","type-page","status-publish","has-post-thumbnail","hentry"],"_links":{"self":[{"href":"https:\/\/elzede.net\/acl\/wp-json\/wp\/v2\/pages\/1302","targetHints":{"allow":["GET"]}}],"collection":[{"href":"https:\/\/elzede.net\/acl\/wp-json\/wp\/v2\/pages"}],"about":[{"href":"https:\/\/elzede.net\/acl\/wp-json\/wp\/v2\/types\/page"}],"author":[{"embeddable":true,"href":"https:\/\/elzede.net\/acl\/wp-json\/wp\/v2\/users\/1"}],"replies":[{"embeddable":true,"href":"https:\/\/elzede.net\/acl\/wp-json\/wp\/v2\/comments?post=1302"}],"version-history":[{"count":8,"href":"https:\/\/elzede.net\/acl\/wp-json\/wp\/v2\/pages\/1302\/revisions"}],"predecessor-version":[{"id":1324,"href":"https:\/\/elzede.net\/acl\/wp-json\/wp\/v2\/pages\/1302\/revisions\/1324"}],"wp:featuredmedia":[{"embeddable":true,"href":"https:\/\/elzede.net\/acl\/wp-json\/wp\/v2\/media\/1321"}],"wp:attachment":[{"href":"https:\/\/elzede.net\/acl\/wp-json\/wp\/v2\/media?parent=1302"}],"curies":[{"name":"wp","href":"https:\/\/api.w.org\/{rel}","templated":true}]}}